{"id":4033,"date":"2022-11-30T11:56:02","date_gmt":"2022-11-30T11:56:02","guid":{"rendered":"https:\/\/goutholland.nl\/?page_id=4033"},"modified":"2023-06-24T21:11:39","modified_gmt":"2023-06-24T21:11:39","slug":"gout-topharder-th3","status":"publish","type":"page","link":"https:\/\/goutholland.nl\/es\/gout-topharder-th3\/","title":{"rendered":"Endurecedor de gota (TH3)"},"content":{"rendered":"<div class=\"vc_row wpb_row vc_row-fluid\" ><div class=\"wpb_column vc_column_container vc_col-sm-6\"><div class=\"vc_column-inner\"><div class=\"wpb_wrapper\"><div class=\"vc_row wpb_row vc_inner vc_row-fluid\"><div class=\"wpb_column vc_column_container vc_col-sm-12 vc_hidden-md vc_hidden-sm vc_hidden-xs\"><div class=\"vc_column-inner\"><div class=\"wpb_wrapper\"><div class=\"vc_empty_space\"   style=\"height: 60px\"><span class=\"vc_empty_space_inner\"><\/span><\/div><div class=\"vc_empty_space\"   style=\"height: 60px\"><span class=\"vc_empty_space_inner\"><\/span><\/div><\/div><\/div><\/div><\/div>\n\t<div class=\"wpb_text_column wpb_content_element\" >\n\t\t<div class=\"wpb_wrapper\">\n\t\t\t<h1 class=\"product_name\">Endurecedor de gota (TH3)<\/h1>\n<div class=\"product-reference_top product-reference\"><label class=\"label\">Referentie <\/label>GOUT th3 0,5\/1\/5 litro<\/div>\n<div class=\"product-information\">\n<div id=\"product-description-short-25\" class=\"product_desc\">\n<p>Th3 es un potente agente de maduraci\u00f3n. Contiene exactamente las sustancias que permiten a las plantas desarrollar al m\u00e1ximo su fructificaci\u00f3n en la fase final. Th3 garantiza una buena cosecha de alta calidad. Este remedio tambi\u00e9n hace que las plantas sean m\u00e1s resistentes a enfermedades y hongos, por lo que la cosecha tiene menos posibilidades de verse afectada.<\/p>\n<\/div>\n<\/div>\n\n\t\t<\/div>\n\t<\/div>\n<\/div><\/div><\/div><div class=\"wpb_column vc_column_container vc_col-sm-6\"><div class=\"vc_column-inner\"><div class=\"wpb_wrapper\"><div class=\"wpb_images_carousel wpb_content_element vc_clearfix\"><div class=\"wpb_wrapper\"><div id=\"vc_images-carousel-1-1776513031\" data-ride=\"vc_carousel\" data-wrap=\"true\" style=\"width: 100%;\" data-interval=\"5000\" data-auto-height=\"yes\" data-mode=\"horizontal\" data-partial=\"false\" data-per-view=\"1\" data-hide-on-end=\"false\" class=\"vc_slide vc_images_carousel\"><ol class=\"vc_carousel-indicators\"><li data-target=\"#vc_images-carousel-1-1776513031\" data-slide-to=\"0\"><\/li><li data-target=\"#vc_images-carousel-1-1776513031\" data-slide-to=\"1\"><\/li><li data-target=\"#vc_images-carousel-1-1776513031\" data-slide-to=\"2\"><\/li><\/ol><div class=\"vc_carousel-inner\"><div class=\"vc_carousel-slideline\"><div class=\"vc_carousel-slideline-inner\"><div class=\"vc_item\"><div class=\"vc_inner\"><a class=\"prettyphoto\" href=\"https:\/\/goutholland.nl\/wp-content\/uploads\/2022\/11\/gout-top-hardener-th3.png\" data-rel=\"prettyPhoto[rel-4033-89509046]\"><img loading=\"lazy\" decoding=\"async\" width=\"800\" height=\"800\" src=\"https:\/\/goutholland.nl\/wp-content\/uploads\/2022\/11\/gout-top-hardener-th3.png\" class=\"attachment-full\" alt=\"\" srcset=\"https:\/\/goutholland.nl\/wp-content\/uploads\/2022\/11\/gout-top-hardener-th3.png 800w, https:\/\/goutholland.nl\/wp-content\/uploads\/2022\/11\/gout-top-hardener-th3-300x300.png 300w, https:\/\/goutholland.nl\/wp-content\/uploads\/2022\/11\/gout-top-hardener-th3-150x150.png 150w, https:\/\/goutholland.nl\/wp-content\/uploads\/2022\/11\/gout-top-hardener-th3-768x768.png 768w, https:\/\/goutholland.nl\/wp-content\/uploads\/2022\/11\/gout-top-hardener-th3-60x60.png 60w\" sizes=\"auto, (max-width: 800px) 100vw, 800px\" \/><\/a><\/div><\/div><div class=\"vc_item\"><div class=\"vc_inner\"><a class=\"prettyphoto\" href=\"https:\/\/goutholland.nl\/wp-content\/uploads\/2022\/11\/gout-top-hardener-th33.png\" data-rel=\"prettyPhoto[rel-4033-89509046]\"><img loading=\"lazy\" decoding=\"async\" width=\"800\" height=\"800\" src=\"https:\/\/goutholland.nl\/wp-content\/uploads\/2022\/11\/gout-top-hardener-th33.png\" class=\"attachment-full\" alt=\"\" srcset=\"https:\/\/goutholland.nl\/wp-content\/uploads\/2022\/11\/gout-top-hardener-th33.png 800w, https:\/\/goutholland.nl\/wp-content\/uploads\/2022\/11\/gout-top-hardener-th33-300x300.png 300w, https:\/\/goutholland.nl\/wp-content\/uploads\/2022\/11\/gout-top-hardener-th33-150x150.png 150w, https:\/\/goutholland.nl\/wp-content\/uploads\/2022\/11\/gout-top-hardener-th33-768x768.png 768w, https:\/\/goutholland.nl\/wp-content\/uploads\/2022\/11\/gout-top-hardener-th33-60x60.png 60w\" sizes=\"auto, (max-width: 800px) 100vw, 800px\" \/><\/a><\/div><\/div><div class=\"vc_item\"><div class=\"vc_inner\"><a class=\"prettyphoto\" href=\"https:\/\/goutholland.nl\/wp-content\/uploads\/2022\/11\/SchemaAARDE_NL_final-GEEL-1024x715.jpg\" data-rel=\"prettyPhoto[rel-4033-89509046]\"><img loading=\"lazy\" decoding=\"async\" width=\"2350\" height=\"1642\" src=\"https:\/\/goutholland.nl\/wp-content\/uploads\/2022\/11\/SchemaAARDE_NL_final-GEEL.jpg\" class=\"attachment-full\" alt=\"\" srcset=\"https:\/\/goutholland.nl\/wp-content\/uploads\/2022\/11\/SchemaAARDE_NL_final-GEEL.jpg 2350w, https:\/\/goutholland.nl\/wp-content\/uploads\/2022\/11\/SchemaAARDE_NL_final-GEEL-300x210.jpg 300w, https:\/\/goutholland.nl\/wp-content\/uploads\/2022\/11\/SchemaAARDE_NL_final-GEEL-1024x715.jpg 1024w, https:\/\/goutholland.nl\/wp-content\/uploads\/2022\/11\/SchemaAARDE_NL_final-GEEL-768x537.jpg 768w, https:\/\/goutholland.nl\/wp-content\/uploads\/2022\/11\/SchemaAARDE_NL_final-GEEL-1536x1073.jpg 1536w, https:\/\/goutholland.nl\/wp-content\/uploads\/2022\/11\/SchemaAARDE_NL_final-GEEL-2048x1431.jpg 2048w\" sizes=\"auto, (max-width: 2350px) 100vw, 2350px\" \/><\/a><\/div><\/div><\/div><\/div><\/div><\/div><\/div><\/div><\/div><\/div><\/div><\/div><div class=\"vc_row-full-width\"><\/div><!-- Row Backgrounds --><div class=\"upb_color\" data-bg-override=\"0\" data-bg-color=\"#f2f2f2\" data-fadeout=\"\" data-fadeout-percentage=\"30\" data-parallax-content=\"\" data-parallax-content-sense=\"30\" data-row-effect-mobile-disable=\"true\" data-img-parallax-mobile-disable=\"true\" data-rtl=\"false\"  data-custom-vc-row=\"\"  data-vc=\"6.5.0\"  data-is_old_vc=\"\"  data-theme-support=\"\"   data-overlay=\"false\" data-overlay-color=\"\" data-overlay-pattern=\"\" data-overlay-pattern-opacity=\"\" data-overlay-pattern-size=\"\"    ><\/div>\t<div class=\"vc_row wpb_row vc_row-fluid\" ><div class=\"wpb_column vc_column_container vc_col-sm-12\"><div class=\"vc_column-inner\"><div class=\"wpb_wrapper\"><div class=\"vc_tta-container\" data-vc-action=\"collapse\"><div class=\"vc_general vc_tta vc_tta-tabs vc_tta-color-grey vc_tta-style-classic vc_tta-shape-rounded vc_tta-spacing-1 vc_tta-tabs-position-top vc_tta-controls-align-left\"><div class=\"vc_tta-tabs-container\"><ul class=\"vc_tta-tabs-list\"><li class=\"vc_tta-tab vc_active\" data-vc-tab><a href=\"#1669726043503-5bd01e80-8ff6\" data-vc-tabs data-vc-container=\".vc_tta\"><span class=\"vc_tta-title-text\">DESCRIPCI\u00d3N<\/span><\/a><\/li><li class=\"vc_tta-tab\" data-vc-tab><a href=\"#1669726043517-509b329e-a522\" data-vc-tabs data-vc-container=\".vc_tta\"><span class=\"vc_tta-title-text\">DETALLES DEL PRODUCTO<\/span><\/a><\/li><li class=\"vc_tta-tab\" data-vc-tab><a href=\"#1669728424226-8111b473-7bf5\" data-vc-tabs data-vc-container=\".vc_tta\"><span class=\"vc_tta-title-text\">CALENDARIOS DE CRECIMIENTO<\/span><\/a><\/li><\/ul><\/div><div class=\"vc_tta-panels-container\"><div class=\"vc_tta-panels\"><div class=\"vc_tta-panel vc_active\" id=\"1669726043503-5bd01e80-8ff6\" data-vc-content=\".vc_tta-panel-body\"><div class=\"vc_tta-panel-heading\"><h4 class=\"vc_tta-panel-title\"><a href=\"#1669726043503-5bd01e80-8ff6\" data-vc-accordion data-vc-container=\".vc_tta-container\"><span class=\"vc_tta-title-text\">DESCRIPCI\u00d3N<\/span><\/a><\/h4><\/div><div class=\"vc_tta-panel-body\">\n\t<div class=\"wpb_text_column wpb_content_element\" >\n\t\t<div class=\"wpb_wrapper\">\n\t\t\t<p>Th3 0,5 litros<\/p>\n<p>Top rush del tercer periodo<\/p>\n<p>&nbsp;<\/p>\n<p>1:1000<\/p>\n<p>100% org\u00e1nico<\/p>\n<p>&nbsp;<\/p>\n<p>Th3 es un potente agente de maduraci\u00f3n. Contiene exactamente las sustancias que permiten a las plantas desarrollar al m\u00e1ximo su fructificaci\u00f3n en la fase final. Th3 garantiza una buena cosecha de alta calidad. Este remedio tambi\u00e9n hace que las plantas sean m\u00e1s resistentes a enfermedades y hongos, por lo que la cosecha tiene menos posibilidades de verse afectada.<\/p>\n<p>&nbsp;<\/p>\n<p>Composici\u00f3n: extracto de plantas con oligoelementos, vitaminas, hormonas vegetales naturales y az\u00facares, rico en \u00e1cidos org\u00e1nicos grasos y h\u00famicos.<\/p>\n<p>&nbsp;<\/p>\n<p>Aplicaci\u00f3n: utilizar en plantas en las tres \u00faltimas semanas de floraci\u00f3n.<\/p>\n<p>&nbsp;<\/p>\n<p>Adecuado para sistemas de suelo e hidroel\u00e9ctricos.<\/p>\n<p>&nbsp;<\/p>\n<p>Dosificaci\u00f3n: 100 ml en 100 litros de agua.<\/p>\n<p>&nbsp;<\/p>\n<p>Th3 es 100% natural.<\/p>\n<p>&nbsp;<\/p>\n<p><strong>No almacenar por debajo de 5\u00b0 Celsius.<\/strong><\/p>\n<p><strong>\u00a0<\/strong><\/p>\n<p><strong>Agitar en\u00e9rgicamente antes de usar.<\/strong><\/p>\n<p>&nbsp;<\/p>\n<p>Disponible en las siguientes cantidades: 0,5, 1 y 5 litros.<\/p>\n\n\t\t<\/div>\n\t<\/div>\n<\/div><\/div><div class=\"vc_tta-panel\" id=\"1669726043517-509b329e-a522\" data-vc-content=\".vc_tta-panel-body\"><div class=\"vc_tta-panel-heading\"><h4 class=\"vc_tta-panel-title\"><a href=\"#1669726043517-509b329e-a522\" data-vc-accordion data-vc-container=\".vc_tta-container\"><span class=\"vc_tta-title-text\">DETALLES DEL PRODUCTO<\/span><\/a><\/h4><\/div><div class=\"vc_tta-panel-body\">\n\t<div class=\"wpb_text_column wpb_content_element\" >\n\t\t<div class=\"wpb_wrapper\">\n\t\t\t<div class=\"product-reference\">\n<p>&nbsp;<\/p>\n<div class=\"product-reference\"><label class=\"label\">Referentie <\/label>GOUT th3 0,5\/1\/5 litro<\/div>\n<\/div>\n\n\t\t<\/div>\n\t<\/div>\n<\/div><\/div><div class=\"vc_tta-panel\" id=\"1669728424226-8111b473-7bf5\" data-vc-content=\".vc_tta-panel-body\"><div class=\"vc_tta-panel-heading\"><h4 class=\"vc_tta-panel-title\"><a href=\"#1669728424226-8111b473-7bf5\" data-vc-accordion data-vc-container=\".vc_tta-container\"><span class=\"vc_tta-title-text\">CALENDARIOS DE CRECIMIENTO<\/span><\/a><\/h4><\/div><div class=\"vc_tta-panel-body\">\n\t<div  class=\"wpb_single_image wpb_content_element vc_align_center\">\n\t\t\n\t\t<figure class=\"wpb_wrapper vc_figure\">\n\t\t\t<div class=\"vc_single_image-wrapper   vc_box_border_grey\"><img loading=\"lazy\" decoding=\"async\" width=\"2350\" height=\"1642\" src=\"https:\/\/goutholland.nl\/wp-content\/uploads\/2022\/11\/SchemaHYDRO_NL_final-GEEL.jpg\" class=\"vc_single_image-img attachment-full\" alt=\"\" srcset=\"https:\/\/goutholland.nl\/wp-content\/uploads\/2022\/11\/SchemaHYDRO_NL_final-GEEL.jpg 2350w, https:\/\/goutholland.nl\/wp-content\/uploads\/2022\/11\/SchemaHYDRO_NL_final-GEEL-300x210.jpg 300w, https:\/\/goutholland.nl\/wp-content\/uploads\/2022\/11\/SchemaHYDRO_NL_final-GEEL-1024x715.jpg 1024w, https:\/\/goutholland.nl\/wp-content\/uploads\/2022\/11\/SchemaHYDRO_NL_final-GEEL-768x537.jpg 768w, https:\/\/goutholland.nl\/wp-content\/uploads\/2022\/11\/SchemaHYDRO_NL_final-GEEL-1536x1073.jpg 1536w, https:\/\/goutholland.nl\/wp-content\/uploads\/2022\/11\/SchemaHYDRO_NL_final-GEEL-2048x1431.jpg 2048w\" sizes=\"auto, (max-width: 2350px) 100vw, 2350px\" \/><\/div>\n\t\t<\/figure>\n\t<\/div>\n<\/div><\/div><\/div><\/div><\/div><\/div><\/div><\/div><\/div><\/div><div class=\"vc_row-full-width\"><\/div>","protected":false},"excerpt":{"rendered":"<a href=\"https:\/\/goutholland.nl\/es\/gout-topharder-th3\/\" class=\"entry-more pro-btn pro-btn-rounded pro-btn-xxs pro-btn-flat-accent\">Read More<span class=\"screen-reader-text\"> about Gout topharder (TH3)<\/span><\/a>","protected":false},"author":1,"featured_media":4035,"parent":0,"menu_order":0,"comment_status":"closed","ping_status":"closed","template":"","meta":{"footnotes":""},"class_list":["post-4033","page","type-page","status-publish","has-post-thumbnail","hentry"],"_links":{"self":[{"href":"https:\/\/goutholland.nl\/es\/wp-json\/wp\/v2\/pages\/4033","targetHints":{"allow":["GET"]}}],"collection":[{"href":"https:\/\/goutholland.nl\/es\/wp-json\/wp\/v2\/pages"}],"about":[{"href":"https:\/\/goutholland.nl\/es\/wp-json\/wp\/v2\/types\/page"}],"author":[{"embeddable":true,"href":"https:\/\/goutholland.nl\/es\/wp-json\/wp\/v2\/users\/1"}],"replies":[{"embeddable":true,"href":"https:\/\/goutholland.nl\/es\/wp-json\/wp\/v2\/comments?post=4033"}],"version-history":[{"count":2,"href":"https:\/\/goutholland.nl\/es\/wp-json\/wp\/v2\/pages\/4033\/revisions"}],"predecessor-version":[{"id":4191,"href":"https:\/\/goutholland.nl\/es\/wp-json\/wp\/v2\/pages\/4033\/revisions\/4191"}],"wp:featuredmedia":[{"embeddable":true,"href":"https:\/\/goutholland.nl\/es\/wp-json\/wp\/v2\/media\/4035"}],"wp:attachment":[{"href":"https:\/\/goutholland.nl\/es\/wp-json\/wp\/v2\/media?parent=4033"}],"curies":[{"name":"wp","href":"https:\/\/api.w.org\/{rel}","templated":true}]}}