{"id":4040,"date":"2022-11-30T12:11:12","date_gmt":"2022-11-30T12:11:12","guid":{"rendered":"https:\/\/goutholland.nl\/?page_id=4040"},"modified":"2023-06-24T21:11:08","modified_gmt":"2023-06-24T21:11:08","slug":"gout-bio-bug-kill-bkk","status":"publish","type":"page","link":"https:\/\/goutholland.nl\/es\/gout-bio-bug-kill-bkk\/","title":{"rendered":"GOUT bio bug kill (BBK)"},"content":{"rendered":"<div class=\"vc_row wpb_row vc_row-fluid\" ><div class=\"wpb_column vc_column_container vc_col-sm-6\"><div class=\"vc_column-inner\"><div class=\"wpb_wrapper\"><div class=\"vc_row wpb_row vc_inner vc_row-fluid\"><div class=\"wpb_column vc_column_container vc_col-sm-12 vc_hidden-md vc_hidden-sm vc_hidden-xs\"><div class=\"vc_column-inner\"><div class=\"wpb_wrapper\"><div class=\"vc_empty_space\"   style=\"height: 60px\"><span class=\"vc_empty_space_inner\"><\/span><\/div><div class=\"vc_empty_space\"   style=\"height: 60px\"><span class=\"vc_empty_space_inner\"><\/span><\/div><\/div><\/div><\/div><\/div>\n\t<div class=\"wpb_text_column wpb_content_element\" >\n\t\t<div class=\"wpb_wrapper\">\n\t\t\t<h1 class=\"product_name\">GOUT bio bug kill (BBK)<\/h1>\n<div class=\"product-reference_top product-reference\"><label class=\"label\">Referentie <\/label>Gout bbk 5\/10 liter<\/div>\n<div class=\"product-information\">\n<div id=\"product-description-short-26\" class=\"product_desc\">\n<p>BBK es un pesticida org\u00e1nico, un alimento foliar y un potenciador de plantas en uno. Repele y mata plagas como la ara\u00f1a roja, los pulgones, los trips y la mosca blanca. La pulverizaci\u00f3n con BBK forma una pel\u00edcula sobre la planta. El contacto directo entre BBK y la planta garantiza la absorci\u00f3n inmediata de los nutrientes fortalecedores en los que BBK tambi\u00e9n es rico.<\/p>\n<\/div>\n<\/div>\n\n\t\t<\/div>\n\t<\/div>\n<\/div><\/div><\/div><div class=\"wpb_column vc_column_container vc_col-sm-6\"><div class=\"vc_column-inner\"><div class=\"wpb_wrapper\"><div class=\"wpb_images_carousel wpb_content_element vc_clearfix\"><div class=\"wpb_wrapper\"><div id=\"vc_images-carousel-1-1776507673\" data-ride=\"vc_carousel\" data-wrap=\"true\" style=\"width: 100%;\" data-interval=\"5000\" data-auto-height=\"yes\" data-mode=\"horizontal\" data-partial=\"false\" data-per-view=\"1\" data-hide-on-end=\"false\" class=\"vc_slide vc_images_carousel\"><ol class=\"vc_carousel-indicators\"><li data-target=\"#vc_images-carousel-1-1776507673\" data-slide-to=\"0\"><\/li><li data-target=\"#vc_images-carousel-1-1776507673\" data-slide-to=\"1\"><\/li><li data-target=\"#vc_images-carousel-1-1776507673\" data-slide-to=\"2\"><\/li><\/ol><div class=\"vc_carousel-inner\"><div class=\"vc_carousel-slideline\"><div class=\"vc_carousel-slideline-inner\"><div class=\"vc_item\"><div class=\"vc_inner\"><a class=\"prettyphoto\" href=\"https:\/\/goutholland.nl\/wp-content\/uploads\/2022\/11\/gout-bio-bug-kill-bkk.png\" data-rel=\"prettyPhoto[rel-4040-2708957038]\"><img loading=\"lazy\" decoding=\"async\" width=\"800\" height=\"800\" src=\"https:\/\/goutholland.nl\/wp-content\/uploads\/2022\/11\/gout-bio-bug-kill-bkk.png\" class=\"attachment-full\" alt=\"\" srcset=\"https:\/\/goutholland.nl\/wp-content\/uploads\/2022\/11\/gout-bio-bug-kill-bkk.png 800w, https:\/\/goutholland.nl\/wp-content\/uploads\/2022\/11\/gout-bio-bug-kill-bkk-300x300.png 300w, https:\/\/goutholland.nl\/wp-content\/uploads\/2022\/11\/gout-bio-bug-kill-bkk-150x150.png 150w, https:\/\/goutholland.nl\/wp-content\/uploads\/2022\/11\/gout-bio-bug-kill-bkk-768x768.png 768w, https:\/\/goutholland.nl\/wp-content\/uploads\/2022\/11\/gout-bio-bug-kill-bkk-60x60.png 60w\" sizes=\"auto, (max-width: 800px) 100vw, 800px\" \/><\/a><\/div><\/div><div class=\"vc_item\"><div class=\"vc_inner\"><a class=\"prettyphoto\" href=\"https:\/\/goutholland.nl\/wp-content\/uploads\/2022\/11\/gout-bio-bug-kill-bkk10.png\" data-rel=\"prettyPhoto[rel-4040-2708957038]\"><img loading=\"lazy\" decoding=\"async\" width=\"800\" height=\"800\" src=\"https:\/\/goutholland.nl\/wp-content\/uploads\/2022\/11\/gout-bio-bug-kill-bkk10.png\" class=\"attachment-full\" alt=\"\" srcset=\"https:\/\/goutholland.nl\/wp-content\/uploads\/2022\/11\/gout-bio-bug-kill-bkk10.png 800w, https:\/\/goutholland.nl\/wp-content\/uploads\/2022\/11\/gout-bio-bug-kill-bkk10-300x300.png 300w, https:\/\/goutholland.nl\/wp-content\/uploads\/2022\/11\/gout-bio-bug-kill-bkk10-150x150.png 150w, https:\/\/goutholland.nl\/wp-content\/uploads\/2022\/11\/gout-bio-bug-kill-bkk10-768x768.png 768w, https:\/\/goutholland.nl\/wp-content\/uploads\/2022\/11\/gout-bio-bug-kill-bkk10-60x60.png 60w\" sizes=\"auto, (max-width: 800px) 100vw, 800px\" \/><\/a><\/div><\/div><div class=\"vc_item\"><div class=\"vc_inner\"><a class=\"prettyphoto\" href=\"https:\/\/goutholland.nl\/wp-content\/uploads\/2022\/11\/SchemaAARDE_NL_final-GEEL-1024x715.jpg\" data-rel=\"prettyPhoto[rel-4040-2708957038]\"><img loading=\"lazy\" decoding=\"async\" width=\"2350\" height=\"1642\" src=\"https:\/\/goutholland.nl\/wp-content\/uploads\/2022\/11\/SchemaAARDE_NL_final-GEEL.jpg\" class=\"attachment-full\" alt=\"\" srcset=\"https:\/\/goutholland.nl\/wp-content\/uploads\/2022\/11\/SchemaAARDE_NL_final-GEEL.jpg 2350w, https:\/\/goutholland.nl\/wp-content\/uploads\/2022\/11\/SchemaAARDE_NL_final-GEEL-300x210.jpg 300w, https:\/\/goutholland.nl\/wp-content\/uploads\/2022\/11\/SchemaAARDE_NL_final-GEEL-1024x715.jpg 1024w, https:\/\/goutholland.nl\/wp-content\/uploads\/2022\/11\/SchemaAARDE_NL_final-GEEL-768x537.jpg 768w, https:\/\/goutholland.nl\/wp-content\/uploads\/2022\/11\/SchemaAARDE_NL_final-GEEL-1536x1073.jpg 1536w, https:\/\/goutholland.nl\/wp-content\/uploads\/2022\/11\/SchemaAARDE_NL_final-GEEL-2048x1431.jpg 2048w\" sizes=\"auto, (max-width: 2350px) 100vw, 2350px\" \/><\/a><\/div><\/div><\/div><\/div><\/div><\/div><\/div><\/div><\/div><\/div><\/div><\/div><div class=\"vc_row-full-width\"><\/div><!-- Row Backgrounds --><div class=\"upb_color\" data-bg-override=\"0\" data-bg-color=\"#f2f2f2\" data-fadeout=\"\" data-fadeout-percentage=\"30\" data-parallax-content=\"\" data-parallax-content-sense=\"30\" data-row-effect-mobile-disable=\"true\" data-img-parallax-mobile-disable=\"true\" data-rtl=\"false\"  data-custom-vc-row=\"\"  data-vc=\"6.5.0\"  data-is_old_vc=\"\"  data-theme-support=\"\"   data-overlay=\"false\" data-overlay-color=\"\" data-overlay-pattern=\"\" data-overlay-pattern-opacity=\"\" data-overlay-pattern-size=\"\"    ><\/div>\t<div class=\"vc_row wpb_row vc_row-fluid\" ><div class=\"wpb_column vc_column_container vc_col-sm-12\"><div class=\"vc_column-inner\"><div class=\"wpb_wrapper\"><div class=\"vc_tta-container\" data-vc-action=\"collapse\"><div class=\"vc_general vc_tta vc_tta-tabs vc_tta-color-grey vc_tta-style-classic vc_tta-shape-rounded vc_tta-spacing-1 vc_tta-tabs-position-top vc_tta-controls-align-left\"><div class=\"vc_tta-tabs-container\"><ul class=\"vc_tta-tabs-list\"><li class=\"vc_tta-tab vc_active\" data-vc-tab><a href=\"#1669726043503-5bd01e80-8ff6\" data-vc-tabs data-vc-container=\".vc_tta\"><span class=\"vc_tta-title-text\">DESCRIPCI\u00d3N<\/span><\/a><\/li><li class=\"vc_tta-tab\" data-vc-tab><a href=\"#1669726043517-509b329e-a522\" data-vc-tabs data-vc-container=\".vc_tta\"><span class=\"vc_tta-title-text\">DETALLES DEL PRODUCTO<\/span><\/a><\/li><li class=\"vc_tta-tab\" data-vc-tab><a href=\"#1669728424226-8111b473-7bf5\" data-vc-tabs data-vc-container=\".vc_tta\"><span class=\"vc_tta-title-text\">CALENDARIOS DE CRECIMIENTO<\/span><\/a><\/li><\/ul><\/div><div class=\"vc_tta-panels-container\"><div class=\"vc_tta-panels\"><div class=\"vc_tta-panel vc_active\" id=\"1669726043503-5bd01e80-8ff6\" data-vc-content=\".vc_tta-panel-body\"><div class=\"vc_tta-panel-heading\"><h4 class=\"vc_tta-panel-title\"><a href=\"#1669726043503-5bd01e80-8ff6\" data-vc-accordion data-vc-container=\".vc_tta-container\"><span class=\"vc_tta-title-text\">DESCRIPCI\u00d3N<\/span><\/a><\/h4><\/div><div class=\"vc_tta-panel-body\">\n\t<div class=\"wpb_text_column wpb_content_element\" >\n\t\t<div class=\"wpb_wrapper\">\n\t\t\t<p>BBK 5 litros<\/p>\n<p>Bio Bug Kill<\/p>\n<p>&nbsp;<\/p>\n<p>100% org\u00e1nico<\/p>\n<p>&nbsp;<\/p>\n<p>&nbsp;<\/p>\n<p>BBK es un pesticida org\u00e1nico, un alimento foliar y un potenciador de plantas en uno. Repele y mata plagas como la ara\u00f1a roja, los pulgones, los trips y la mosca blanca. La pulverizaci\u00f3n con BBK forma una pel\u00edcula sobre la planta. El contacto directo entre BBK y la planta garantiza la absorci\u00f3n inmediata de los nutrientes fortalecedores en los que BBK tambi\u00e9n es rico.<\/p>\n<p>&nbsp;<\/p>\n<p>Composici\u00f3n: sales pot\u00e1sicas de \u00e1cidos grasos, los \u00e1cidos grasos proceden de aceites de origen vegetal, oligoelementos y vitaminas.<\/p>\n<p>&nbsp;<\/p>\n<p>Aplicaci\u00f3n: BBK es un l\u00edquido de contacto. Los insectos que no se tocan durante la pulverizaci\u00f3n permanecen vivos. Por lo tanto, pulverice BBK tanto en el haz como en el env\u00e9s de las hojas y h\u00e1galo de dos a tres veces por semana. Utilice BBK s\u00f3lo durante las primeras cuatro semanas y nunca a pleno sol, ya que los ingredientes activos se evaporan r\u00e1pidamente.<\/p>\n<p>&nbsp;<\/p>\n<p>Utilizar sin diluir.<\/p>\n<p>&nbsp;<\/p>\n<p>BBK se produce de acuerdo con la OCDE 301 B y todos los componentes cumplen con (UE) 834\/2007 y 889\/2008, Anexo II de Agricultura Ecol\u00f3gica.<\/p>\n<p>&nbsp;<\/p>\n<p><strong>Agitar en\u00e9rgicamente antes de usar.<\/strong><\/p>\n<p>&nbsp;<\/p>\n<p>Disponible en las cantidades: 5 y 10 litros.<\/p>\n\n\t\t<\/div>\n\t<\/div>\n<\/div><\/div><div class=\"vc_tta-panel\" id=\"1669726043517-509b329e-a522\" data-vc-content=\".vc_tta-panel-body\"><div class=\"vc_tta-panel-heading\"><h4 class=\"vc_tta-panel-title\"><a href=\"#1669726043517-509b329e-a522\" data-vc-accordion data-vc-container=\".vc_tta-container\"><span class=\"vc_tta-title-text\">DETALLES DEL PRODUCTO<\/span><\/a><\/h4><\/div><div class=\"vc_tta-panel-body\">\n\t<div class=\"wpb_text_column wpb_content_element\" >\n\t\t<div class=\"wpb_wrapper\">\n\t\t\t<div class=\"product-reference\"><label class=\"label\">Referentie <\/label>Gout bbk 5\/10 liter<\/div>\n\n\t\t<\/div>\n\t<\/div>\n<\/div><\/div><div class=\"vc_tta-panel\" id=\"1669728424226-8111b473-7bf5\" data-vc-content=\".vc_tta-panel-body\"><div class=\"vc_tta-panel-heading\"><h4 class=\"vc_tta-panel-title\"><a href=\"#1669728424226-8111b473-7bf5\" data-vc-accordion data-vc-container=\".vc_tta-container\"><span class=\"vc_tta-title-text\">CALENDARIOS DE CRECIMIENTO<\/span><\/a><\/h4><\/div><div class=\"vc_tta-panel-body\">\n\t<div  class=\"wpb_single_image wpb_content_element vc_align_center\">\n\t\t\n\t\t<figure class=\"wpb_wrapper vc_figure\">\n\t\t\t<div class=\"vc_single_image-wrapper   vc_box_border_grey\"><img loading=\"lazy\" decoding=\"async\" width=\"2350\" height=\"1642\" src=\"https:\/\/goutholland.nl\/wp-content\/uploads\/2022\/11\/SchemaAARDE_NL_final-GEEL.jpg\" class=\"vc_single_image-img attachment-full\" alt=\"\" srcset=\"https:\/\/goutholland.nl\/wp-content\/uploads\/2022\/11\/SchemaAARDE_NL_final-GEEL.jpg 2350w, https:\/\/goutholland.nl\/wp-content\/uploads\/2022\/11\/SchemaAARDE_NL_final-GEEL-300x210.jpg 300w, https:\/\/goutholland.nl\/wp-content\/uploads\/2022\/11\/SchemaAARDE_NL_final-GEEL-1024x715.jpg 1024w, https:\/\/goutholland.nl\/wp-content\/uploads\/2022\/11\/SchemaAARDE_NL_final-GEEL-768x537.jpg 768w, https:\/\/goutholland.nl\/wp-content\/uploads\/2022\/11\/SchemaAARDE_NL_final-GEEL-1536x1073.jpg 1536w, https:\/\/goutholland.nl\/wp-content\/uploads\/2022\/11\/SchemaAARDE_NL_final-GEEL-2048x1431.jpg 2048w\" sizes=\"auto, (max-width: 2350px) 100vw, 2350px\" \/><\/div>\n\t\t<\/figure>\n\t<\/div>\n<\/div><\/div><\/div><\/div><\/div><\/div><\/div><\/div><\/div><\/div><div class=\"vc_row-full-width\"><\/div>","protected":false},"excerpt":{"rendered":"<a href=\"https:\/\/goutholland.nl\/es\/gout-bio-bug-kill-bkk\/\" class=\"entry-more pro-btn pro-btn-rounded pro-btn-xxs pro-btn-flat-accent\">Read More<span class=\"screen-reader-text\"> about Gout bio bug kill (BKK)<\/span><\/a>","protected":false},"author":1,"featured_media":4042,"parent":0,"menu_order":0,"comment_status":"closed","ping_status":"closed","template":"","meta":{"footnotes":""},"class_list":["post-4040","page","type-page","status-publish","has-post-thumbnail","hentry"],"_links":{"self":[{"href":"https:\/\/goutholland.nl\/es\/wp-json\/wp\/v2\/pages\/4040","targetHints":{"allow":["GET"]}}],"collection":[{"href":"https:\/\/goutholland.nl\/es\/wp-json\/wp\/v2\/pages"}],"about":[{"href":"https:\/\/goutholland.nl\/es\/wp-json\/wp\/v2\/types\/page"}],"author":[{"embeddable":true,"href":"https:\/\/goutholland.nl\/es\/wp-json\/wp\/v2\/users\/1"}],"replies":[{"embeddable":true,"href":"https:\/\/goutholland.nl\/es\/wp-json\/wp\/v2\/comments?post=4040"}],"version-history":[{"count":2,"href":"https:\/\/goutholland.nl\/es\/wp-json\/wp\/v2\/pages\/4040\/revisions"}],"predecessor-version":[{"id":4190,"href":"https:\/\/goutholland.nl\/es\/wp-json\/wp\/v2\/pages\/4040\/revisions\/4190"}],"wp:featuredmedia":[{"embeddable":true,"href":"https:\/\/goutholland.nl\/es\/wp-json\/wp\/v2\/media\/4042"}],"wp:attachment":[{"href":"https:\/\/goutholland.nl\/es\/wp-json\/wp\/v2\/media?parent=4040"}],"curies":[{"name":"wp","href":"https:\/\/api.w.org\/{rel}","templated":true}]}}