{"id":4130,"date":"2023-01-19T10:57:55","date_gmt":"2023-01-19T10:57:55","guid":{"rendered":"https:\/\/goutholland.nl\/?page_id=4130"},"modified":"2023-06-24T21:15:04","modified_gmt":"2023-06-24T21:15:04","slug":"gout-luchtfris","status":"publish","type":"page","link":"https:\/\/goutholland.nl\/es\/gout-luchtfris\/","title":{"rendered":"GOUT Aire Fresco"},"content":{"rendered":"<div class=\"vc_row wpb_row vc_row-fluid\" ><div class=\"wpb_column vc_column_container vc_col-sm-6\"><div class=\"vc_column-inner\"><div class=\"wpb_wrapper\"><div class=\"vc_row wpb_row vc_inner vc_row-fluid\"><div class=\"wpb_column vc_column_container vc_col-sm-12 vc_hidden-md vc_hidden-sm vc_hidden-xs\"><div class=\"vc_column-inner\"><div class=\"wpb_wrapper\"><div class=\"vc_empty_space\"   style=\"height: 60px\"><span class=\"vc_empty_space_inner\"><\/span><\/div><\/div><\/div><\/div><\/div>\n\t<div class=\"wpb_text_column wpb_content_element\" >\n\t\t<div class=\"wpb_wrapper\">\n\t\t\t<h2>GOUT AIRE REFRESCANTE<\/h2>\n<p>&nbsp;<\/p>\n<p><strong>SOLICITUD<br \/>\n<\/strong><br \/>\nEl destructor de olores de gota es un destructor de olores para aplicaci\u00f3n industrial. El olor no se cubre sino que se destruye completamente. Especialmente combate el olor de aminas, m\u00f3meros, sustancias sulfurosas y mercaptanos, etc. Gout Odor Destroyer garantiza la destrucci\u00f3n absoluta del olor. El producto entra en reacci\u00f3n con la fuente de olor que se transforma as\u00ed en un agradable olor neutro. Gout Destructor de Olores se puede utilizar en todas partes dentro y alrededor del entorno vital, por ejemplo, en contenedores de basura, cubos de basura, contenedores con ruedas y otras fuentes de olores muy desagradables donde se produzcan molestias.<\/p>\n<p>&nbsp;<\/p>\n<p><strong>INSTRUCCIONES DE USO<br \/>\n<\/strong><br \/>\nAplicar Gout Stank Destroyer puro en caso de fuerte hedor. O aplicar en una diluci\u00f3n de 1:5 como m\u00e1ximo sobre la contaminaci\u00f3n. Es preferible atomizar Gout Stank Destroyer o llevarlo en la corriente de aire.<\/p>\n\n\t\t<\/div>\n\t<\/div>\n<div class=\"vc_empty_space\"   style=\"height: 60px\"><span class=\"vc_empty_space_inner\"><\/span><\/div><\/div><\/div><\/div><div class=\"wpb_column vc_column_container vc_col-sm-6\"><div class=\"vc_column-inner\"><div class=\"wpb_wrapper\"><div class=\"vc_empty_space\"   style=\"height: 60px\"><span class=\"vc_empty_space_inner\"><\/span><\/div><div class=\"wpb_images_carousel wpb_content_element vc_clearfix\"><div class=\"wpb_wrapper\"><div id=\"vc_images-carousel-1-1776521420\" data-ride=\"vc_carousel\" data-wrap=\"true\" style=\"width: 100%;\" data-interval=\"5000\" data-auto-height=\"yes\" data-mode=\"horizontal\" data-partial=\"false\" data-per-view=\"1\" data-hide-on-end=\"false\" class=\"vc_slide vc_images_carousel\"><ol class=\"vc_carousel-indicators\"><li data-target=\"#vc_images-carousel-1-1776521420\" data-slide-to=\"0\"><\/li><li data-target=\"#vc_images-carousel-1-1776521420\" data-slide-to=\"1\"><\/li><\/ol><div class=\"vc_carousel-inner\"><div class=\"vc_carousel-slideline\"><div class=\"vc_carousel-slideline-inner\"><div class=\"vc_item\"><div class=\"vc_inner\"><a class=\"prettyphoto\" href=\"https:\/\/goutholland.nl\/wp-content\/uploads\/2023\/01\/luchtfris-groot-min-1024x1024.png\" data-rel=\"prettyPhoto[rel-4130-461890978]\"><img loading=\"lazy\" decoding=\"async\" width=\"1500\" height=\"1500\" src=\"https:\/\/goutholland.nl\/wp-content\/uploads\/2023\/01\/luchtfris-groot-min.png\" class=\"attachment-full\" alt=\"\" srcset=\"https:\/\/goutholland.nl\/wp-content\/uploads\/2023\/01\/luchtfris-groot-min.png 1500w, https:\/\/goutholland.nl\/wp-content\/uploads\/2023\/01\/luchtfris-groot-min-300x300.png 300w, https:\/\/goutholland.nl\/wp-content\/uploads\/2023\/01\/luchtfris-groot-min-1024x1024.png 1024w, https:\/\/goutholland.nl\/wp-content\/uploads\/2023\/01\/luchtfris-groot-min-150x150.png 150w, https:\/\/goutholland.nl\/wp-content\/uploads\/2023\/01\/luchtfris-groot-min-768x768.png 768w, https:\/\/goutholland.nl\/wp-content\/uploads\/2023\/01\/luchtfris-groot-min-60x60.png 60w\" sizes=\"auto, (max-width: 1500px) 100vw, 1500px\" \/><\/a><\/div><\/div><div class=\"vc_item\"><div class=\"vc_inner\"><a class=\"prettyphoto\" href=\"https:\/\/goutholland.nl\/wp-content\/uploads\/2023\/01\/luchtfris-middel-min-1024x1024.png\" data-rel=\"prettyPhoto[rel-4130-461890978]\"><img loading=\"lazy\" decoding=\"async\" width=\"1500\" height=\"1500\" src=\"https:\/\/goutholland.nl\/wp-content\/uploads\/2023\/01\/luchtfris-middel-min.png\" class=\"attachment-full\" alt=\"\" srcset=\"https:\/\/goutholland.nl\/wp-content\/uploads\/2023\/01\/luchtfris-middel-min.png 1500w, https:\/\/goutholland.nl\/wp-content\/uploads\/2023\/01\/luchtfris-middel-min-300x300.png 300w, https:\/\/goutholland.nl\/wp-content\/uploads\/2023\/01\/luchtfris-middel-min-1024x1024.png 1024w, https:\/\/goutholland.nl\/wp-content\/uploads\/2023\/01\/luchtfris-middel-min-150x150.png 150w, https:\/\/goutholland.nl\/wp-content\/uploads\/2023\/01\/luchtfris-middel-min-768x768.png 768w, https:\/\/goutholland.nl\/wp-content\/uploads\/2023\/01\/luchtfris-middel-min-60x60.png 60w\" sizes=\"auto, (max-width: 1500px) 100vw, 1500px\" \/><\/a><\/div><\/div><\/div><\/div><\/div><\/div><\/div><\/div><\/div><\/div><\/div><\/div><div class=\"vc_row-full-width\"><\/div><!-- Row Backgrounds --><div class=\"upb_color\" data-bg-override=\"0\" data-bg-color=\"#f2f2f2\" data-fadeout=\"\" data-fadeout-percentage=\"30\" data-parallax-content=\"\" data-parallax-content-sense=\"30\" data-row-effect-mobile-disable=\"true\" data-img-parallax-mobile-disable=\"true\" data-rtl=\"false\"  data-custom-vc-row=\"\"  data-vc=\"6.5.0\"  data-is_old_vc=\"\"  data-theme-support=\"\"   data-overlay=\"false\" data-overlay-color=\"\" data-overlay-pattern=\"\" data-overlay-pattern-opacity=\"\" data-overlay-pattern-size=\"\"    ><\/div>","protected":false},"excerpt":{"rendered":"<a href=\"https:\/\/goutholland.nl\/es\/gout-luchtfris\/\" class=\"entry-more pro-btn pro-btn-rounded pro-btn-xxs pro-btn-flat-accent\">Read More<span class=\"screen-reader-text\"> about Gout Luchtfris<\/span><\/a>","protected":false},"author":1,"featured_media":4132,"parent":0,"menu_order":0,"comment_status":"closed","ping_status":"closed","template":"","meta":{"footnotes":""},"class_list":["post-4130","page","type-page","status-publish","has-post-thumbnail","hentry"],"_links":{"self":[{"href":"https:\/\/goutholland.nl\/es\/wp-json\/wp\/v2\/pages\/4130","targetHints":{"allow":["GET"]}}],"collection":[{"href":"https:\/\/goutholland.nl\/es\/wp-json\/wp\/v2\/pages"}],"about":[{"href":"https:\/\/goutholland.nl\/es\/wp-json\/wp\/v2\/types\/page"}],"author":[{"embeddable":true,"href":"https:\/\/goutholland.nl\/es\/wp-json\/wp\/v2\/users\/1"}],"replies":[{"embeddable":true,"href":"https:\/\/goutholland.nl\/es\/wp-json\/wp\/v2\/comments?post=4130"}],"version-history":[{"count":6,"href":"https:\/\/goutholland.nl\/es\/wp-json\/wp\/v2\/pages\/4130\/revisions"}],"predecessor-version":[{"id":4197,"href":"https:\/\/goutholland.nl\/es\/wp-json\/wp\/v2\/pages\/4130\/revisions\/4197"}],"wp:featuredmedia":[{"embeddable":true,"href":"https:\/\/goutholland.nl\/es\/wp-json\/wp\/v2\/media\/4132"}],"wp:attachment":[{"href":"https:\/\/goutholland.nl\/es\/wp-json\/wp\/v2\/media?parent=4130"}],"curies":[{"name":"wp","href":"https:\/\/api.w.org\/{rel}","templated":true}]}}