{"id":4207,"date":"2023-08-03T10:27:15","date_gmt":"2023-08-03T10:27:15","guid":{"rendered":"https:\/\/goutholland.nl\/?page_id=4207"},"modified":"2023-08-03T10:27:53","modified_gmt":"2023-08-03T10:27:53","slug":"pk-13-14","status":"publish","type":"page","link":"https:\/\/goutholland.nl\/es\/pk-13-14\/","title":{"rendered":"PK 13\/14"},"content":{"rendered":"<div class=\"vc_row wpb_row vc_row-fluid\" ><div class=\"wpb_column vc_column_container vc_col-sm-6\"><div class=\"vc_column-inner\"><div class=\"wpb_wrapper\"><div class=\"vc_row wpb_row vc_inner vc_row-fluid\"><div class=\"wpb_column vc_column_container vc_col-sm-12 vc_hidden-md vc_hidden-sm vc_hidden-xs\"><div class=\"vc_column-inner\"><div class=\"wpb_wrapper\"><div class=\"vc_empty_space\"   style=\"height: 60px\"><span class=\"vc_empty_space_inner\"><\/span><\/div><div class=\"vc_empty_space\"   style=\"height: 60px\"><span class=\"vc_empty_space_inner\"><\/span><\/div><\/div><\/div><\/div><\/div>\n\t<div class=\"wpb_text_column wpb_content_element\" >\n\t\t<div class=\"wpb_wrapper\">\n\t\t\t<h1 class=\"product_name\">PK 13\/14<\/h1>\n<p>Gowd PK 13-14 es un abono mineral que aporta a las plantas un extra de f\u00f3sforo y potasio en la fase de floraci\u00f3n Esto crea frutos m\u00e1s compactos, duros y pesados, Gout PK 13-14 garantiza altos rendimientos.<\/p>\n\n\t\t<\/div>\n\t<\/div>\n<\/div><\/div><\/div><div class=\"wpb_column vc_column_container vc_col-sm-6\"><div class=\"vc_column-inner\"><div class=\"wpb_wrapper\"><div class=\"wpb_images_carousel wpb_content_element vc_clearfix\"><div class=\"wpb_wrapper\"><div id=\"vc_images-carousel-1-1776507609\" data-ride=\"vc_carousel\" data-wrap=\"true\" style=\"width: 100%;\" data-interval=\"5000\" data-auto-height=\"yes\" data-mode=\"horizontal\" data-partial=\"false\" data-per-view=\"1\" data-hide-on-end=\"false\" class=\"vc_slide vc_images_carousel\"><ol class=\"vc_carousel-indicators\"><li data-target=\"#vc_images-carousel-1-1776507609\" data-slide-to=\"0\"><\/li><li data-target=\"#vc_images-carousel-1-1776507609\" data-slide-to=\"1\"><\/li><li data-target=\"#vc_images-carousel-1-1776507609\" data-slide-to=\"2\"><\/li><\/ol><div class=\"vc_carousel-inner\"><div class=\"vc_carousel-slideline\"><div class=\"vc_carousel-slideline-inner\"><div class=\"vc_item\"><div class=\"vc_inner\"><a class=\"prettyphoto\" href=\"https:\/\/goutholland.nl\/wp-content\/uploads\/2023\/08\/PK-13-middel-1024x1024.png\" data-rel=\"prettyPhoto[rel-4207-692756797]\"><img loading=\"lazy\" decoding=\"async\" width=\"1500\" height=\"1500\" src=\"https:\/\/goutholland.nl\/wp-content\/uploads\/2023\/08\/PK-13-middel.png\" class=\"attachment-full\" alt=\"\" srcset=\"https:\/\/goutholland.nl\/wp-content\/uploads\/2023\/08\/PK-13-middel.png 1500w, https:\/\/goutholland.nl\/wp-content\/uploads\/2023\/08\/PK-13-middel-300x300.png 300w, https:\/\/goutholland.nl\/wp-content\/uploads\/2023\/08\/PK-13-middel-1024x1024.png 1024w, https:\/\/goutholland.nl\/wp-content\/uploads\/2023\/08\/PK-13-middel-150x150.png 150w, https:\/\/goutholland.nl\/wp-content\/uploads\/2023\/08\/PK-13-middel-768x768.png 768w, https:\/\/goutholland.nl\/wp-content\/uploads\/2023\/08\/PK-13-middel-12x12.png 12w, https:\/\/goutholland.nl\/wp-content\/uploads\/2023\/08\/PK-13-middel-60x60.png 60w\" sizes=\"auto, (max-width: 1500px) 100vw, 1500px\" \/><\/a><\/div><\/div><div class=\"vc_item\"><div class=\"vc_inner\"><a class=\"prettyphoto\" href=\"https:\/\/goutholland.nl\/wp-content\/uploads\/2023\/08\/PK-kleiner-1024x1024.png\" data-rel=\"prettyPhoto[rel-4207-692756797]\"><img loading=\"lazy\" decoding=\"async\" width=\"1500\" height=\"1500\" src=\"https:\/\/goutholland.nl\/wp-content\/uploads\/2023\/08\/PK-kleiner.png\" class=\"attachment-full\" alt=\"\" srcset=\"https:\/\/goutholland.nl\/wp-content\/uploads\/2023\/08\/PK-kleiner.png 1500w, https:\/\/goutholland.nl\/wp-content\/uploads\/2023\/08\/PK-kleiner-300x300.png 300w, https:\/\/goutholland.nl\/wp-content\/uploads\/2023\/08\/PK-kleiner-1024x1024.png 1024w, https:\/\/goutholland.nl\/wp-content\/uploads\/2023\/08\/PK-kleiner-150x150.png 150w, https:\/\/goutholland.nl\/wp-content\/uploads\/2023\/08\/PK-kleiner-768x768.png 768w, https:\/\/goutholland.nl\/wp-content\/uploads\/2023\/08\/PK-kleiner-12x12.png 12w, https:\/\/goutholland.nl\/wp-content\/uploads\/2023\/08\/PK-kleiner-60x60.png 60w\" sizes=\"auto, (max-width: 1500px) 100vw, 1500px\" \/><\/a><\/div><\/div><div class=\"vc_item\"><div class=\"vc_inner\"><a class=\"prettyphoto\" href=\"https:\/\/goutholland.nl\/wp-content\/uploads\/2023\/08\/PK_klein-1024x1024.png\" data-rel=\"prettyPhoto[rel-4207-692756797]\"><img loading=\"lazy\" decoding=\"async\" width=\"1500\" height=\"1500\" src=\"https:\/\/goutholland.nl\/wp-content\/uploads\/2023\/08\/PK_klein.png\" class=\"attachment-full\" alt=\"\" srcset=\"https:\/\/goutholland.nl\/wp-content\/uploads\/2023\/08\/PK_klein.png 1500w, https:\/\/goutholland.nl\/wp-content\/uploads\/2023\/08\/PK_klein-300x300.png 300w, https:\/\/goutholland.nl\/wp-content\/uploads\/2023\/08\/PK_klein-1024x1024.png 1024w, https:\/\/goutholland.nl\/wp-content\/uploads\/2023\/08\/PK_klein-150x150.png 150w, https:\/\/goutholland.nl\/wp-content\/uploads\/2023\/08\/PK_klein-768x768.png 768w, https:\/\/goutholland.nl\/wp-content\/uploads\/2023\/08\/PK_klein-12x12.png 12w, https:\/\/goutholland.nl\/wp-content\/uploads\/2023\/08\/PK_klein-60x60.png 60w\" sizes=\"auto, (max-width: 1500px) 100vw, 1500px\" \/><\/a><\/div><\/div><\/div><\/div><\/div><\/div><\/div><\/div><\/div><\/div><\/div><\/div><div class=\"vc_row-full-width\"><\/div><!-- Row Backgrounds --><div class=\"upb_color\" data-bg-override=\"0\" data-bg-color=\"#f2f2f2\" data-fadeout=\"\" data-fadeout-percentage=\"30\" data-parallax-content=\"\" data-parallax-content-sense=\"30\" data-row-effect-mobile-disable=\"true\" data-img-parallax-mobile-disable=\"true\" data-rtl=\"false\"  data-custom-vc-row=\"\"  data-vc=\"6.5.0\"  data-is_old_vc=\"\"  data-theme-support=\"\"   data-overlay=\"false\" data-overlay-color=\"\" data-overlay-pattern=\"\" data-overlay-pattern-opacity=\"\" data-overlay-pattern-size=\"\"    ><\/div>\t<div class=\"vc_row wpb_row vc_row-fluid\" ><div class=\"wpb_column vc_column_container vc_col-sm-12\"><div class=\"vc_column-inner\"><div class=\"wpb_wrapper\"><div class=\"vc_tta-container\" data-vc-action=\"collapse\"><div class=\"vc_general vc_tta vc_tta-tabs vc_tta-color-grey vc_tta-style-classic vc_tta-shape-rounded vc_tta-spacing-1 vc_tta-tabs-position-top vc_tta-controls-align-left\"><div class=\"vc_tta-tabs-container\"><ul class=\"vc_tta-tabs-list\"><li class=\"vc_tta-tab vc_active\" data-vc-tab><a href=\"#1669726043503-5bd01e80-8ff6\" data-vc-tabs data-vc-container=\".vc_tta\"><span class=\"vc_tta-title-text\">DESCRIPCI\u00d3N<\/span><\/a><\/li><li class=\"vc_tta-tab\" data-vc-tab><a href=\"#1669726043517-509b329e-a522\" data-vc-tabs data-vc-container=\".vc_tta\"><span class=\"vc_tta-title-text\">DETALLES DEL PRODUCTO<\/span><\/a><\/li><li class=\"vc_tta-tab\" data-vc-tab><a href=\"#1669728424226-8111b473-7bf5\" data-vc-tabs data-vc-container=\".vc_tta\"><span class=\"vc_tta-title-text\">CALENDARIOS DE CRECIMIENTO<\/span><\/a><\/li><\/ul><\/div><div class=\"vc_tta-panels-container\"><div class=\"vc_tta-panels\"><div class=\"vc_tta-panel vc_active\" id=\"1669726043503-5bd01e80-8ff6\" data-vc-content=\".vc_tta-panel-body\"><div class=\"vc_tta-panel-heading\"><h4 class=\"vc_tta-panel-title\"><a href=\"#1669726043503-5bd01e80-8ff6\" data-vc-accordion data-vc-container=\".vc_tta-container\"><span class=\"vc_tta-title-text\">DESCRIPCI\u00d3N<\/span><\/a><\/h4><\/div><div class=\"vc_tta-panel-body\">\n\t<div class=\"wpb_text_column wpb_content_element\" >\n\t\t<div class=\"wpb_wrapper\">\n\t\t\t<p>Con Gowd PK| 13-14, sacar\u00e1s el m\u00e1ximo partido a las 3 \u00f3 4 \u00faltimas semanas de la fase de floraci\u00f3n. En la fase final de floraci\u00f3n, la presencia de f\u00f3sforo y potasio es esencial para una floraci\u00f3n explosiva Recomendado para un periodo de floraci\u00f3n de 10 semanas:<\/p>\n<p>Semana 6: 0,5 ml por litro<br \/>\nSemana 7: 1ml por litro<br \/>\nSemana 8: 1ml por litro<\/p>\n<p>A\u00f1adir nutriente base hasta alcanzar los valores de EC deseados. Consejo m\u00e1x. 1,8 a 2,0.<\/p>\n<p>NPK 0-13-14<\/p>\n<p>APLICACI\u00d3N: Agitar bien el fes antes de usar. A\u00f1adir Gowd PK 13\/14 de 3 a 4 semanas antes de la cosecha. En esta fase hay formaci\u00f3n de flores en toda la planta CE y los valores de pH deben comprobarse siempre despu\u00e9s de a\u00f1adir Gout PK 13\/14. Gout PK 13\/14 puede utilizarse en condiciones normales en combinaci\u00f3n con todos los productos de Gowd.<\/p>\n<p>Uso y dosificaci\u00f3n: Gowd PK 13\/14<\/p>\n<p>puede a\u00f1adirse con seguridad hasta I ml por litro. (sin riesgo de sobrefertilizaci\u00f3n).<\/p>\n<p>A continuaci\u00f3n, a\u00f1adir nutriente b\u00e1sico hasta alcanzar los valores de EC deseados.<\/p>\n<p>Contenido: 0,5 litros e<\/p>\n<p>Agitar en\u00e9rgicamente antes de usar.<\/p>\n<p>Precauciones: la sobrefertilizaci\u00f3n tiene un efecto negativo sobre la naturaleza, el suelo y las plantas. Conservar protegido de las heladas, cerrado y en la oscuridad. Mantener fuera del alcance de los ni\u00f1os. Puede contar con nuestro servicio.<br \/>\nVorstvrij, gesloten en donker bewaren! Buiten bereik van kinderen houden. U kunt rekenen op onze service.<\/p>\n\n\t\t<\/div>\n\t<\/div>\n<\/div><\/div><div class=\"vc_tta-panel\" id=\"1669726043517-509b329e-a522\" data-vc-content=\".vc_tta-panel-body\"><div class=\"vc_tta-panel-heading\"><h4 class=\"vc_tta-panel-title\"><a href=\"#1669726043517-509b329e-a522\" data-vc-accordion data-vc-container=\".vc_tta-container\"><span class=\"vc_tta-title-text\">DETALLES DEL PRODUCTO<\/span><\/a><\/h4><\/div><div class=\"vc_tta-panel-body\">\n\t<div class=\"wpb_text_column wpb_content_element\" >\n\t\t<div class=\"wpb_wrapper\">\n\t\t\t\n\t\t<\/div>\n\t<\/div>\n<\/div><\/div><div class=\"vc_tta-panel\" id=\"1669728424226-8111b473-7bf5\" data-vc-content=\".vc_tta-panel-body\"><div class=\"vc_tta-panel-heading\"><h4 class=\"vc_tta-panel-title\"><a href=\"#1669728424226-8111b473-7bf5\" data-vc-accordion data-vc-container=\".vc_tta-container\"><span class=\"vc_tta-title-text\">CALENDARIOS DE CRECIMIENTO<\/span><\/a><\/h4><\/div><div class=\"vc_tta-panel-body\">\n\t<div  class=\"wpb_single_image wpb_content_element vc_align_center\">\n\t\t\n\t\t<figure class=\"wpb_wrapper vc_figure\">\n\t\t\t<div class=\"vc_single_image-wrapper   vc_box_border_grey\"><img loading=\"lazy\" decoding=\"async\" width=\"2350\" height=\"1642\" src=\"https:\/\/goutholland.nl\/wp-content\/uploads\/2022\/11\/SchemaAARDE_NL_final-GEEL.jpg\" class=\"vc_single_image-img attachment-full\" alt=\"\" srcset=\"https:\/\/goutholland.nl\/wp-content\/uploads\/2022\/11\/SchemaAARDE_NL_final-GEEL.jpg 2350w, https:\/\/goutholland.nl\/wp-content\/uploads\/2022\/11\/SchemaAARDE_NL_final-GEEL-300x210.jpg 300w, https:\/\/goutholland.nl\/wp-content\/uploads\/2022\/11\/SchemaAARDE_NL_final-GEEL-1024x715.jpg 1024w, https:\/\/goutholland.nl\/wp-content\/uploads\/2022\/11\/SchemaAARDE_NL_final-GEEL-768x537.jpg 768w, https:\/\/goutholland.nl\/wp-content\/uploads\/2022\/11\/SchemaAARDE_NL_final-GEEL-1536x1073.jpg 1536w, https:\/\/goutholland.nl\/wp-content\/uploads\/2022\/11\/SchemaAARDE_NL_final-GEEL-2048x1431.jpg 2048w\" sizes=\"auto, (max-width: 2350px) 100vw, 2350px\" \/><\/div>\n\t\t<\/figure>\n\t<\/div>\n<\/div><\/div><\/div><\/div><\/div><\/div><\/div><\/div><\/div><\/div><div class=\"vc_row-full-width\"><\/div>","protected":false},"excerpt":{"rendered":"<a href=\"https:\/\/goutholland.nl\/es\/pk-13-14\/\" class=\"entry-more pro-btn pro-btn-rounded pro-btn-xxs pro-btn-flat-accent\">Read More<span class=\"screen-reader-text\"> about PK 13\/14<\/span><\/a>","protected":false},"author":1,"featured_media":4042,"parent":0,"menu_order":0,"comment_status":"closed","ping_status":"closed","template":"","meta":{"footnotes":""},"class_list":["post-4207","page","type-page","status-publish","has-post-thumbnail","hentry"],"_links":{"self":[{"href":"https:\/\/goutholland.nl\/es\/wp-json\/wp\/v2\/pages\/4207","targetHints":{"allow":["GET"]}}],"collection":[{"href":"https:\/\/goutholland.nl\/es\/wp-json\/wp\/v2\/pages"}],"about":[{"href":"https:\/\/goutholland.nl\/es\/wp-json\/wp\/v2\/types\/page"}],"author":[{"embeddable":true,"href":"https:\/\/goutholland.nl\/es\/wp-json\/wp\/v2\/users\/1"}],"replies":[{"embeddable":true,"href":"https:\/\/goutholland.nl\/es\/wp-json\/wp\/v2\/comments?post=4207"}],"version-history":[{"count":2,"href":"https:\/\/goutholland.nl\/es\/wp-json\/wp\/v2\/pages\/4207\/revisions"}],"predecessor-version":[{"id":4213,"href":"https:\/\/goutholland.nl\/es\/wp-json\/wp\/v2\/pages\/4207\/revisions\/4213"}],"wp:featuredmedia":[{"embeddable":true,"href":"https:\/\/goutholland.nl\/es\/wp-json\/wp\/v2\/media\/4042"}],"wp:attachment":[{"href":"https:\/\/goutholland.nl\/es\/wp-json\/wp\/v2\/media?parent=4207"}],"curies":[{"name":"wp","href":"https:\/\/api.w.org\/{rel}","templated":true}]}}