{"id":4025,"date":"2022-11-30T11:20:08","date_gmt":"2022-11-30T11:20:08","guid":{"rendered":"https:\/\/goutholland.nl\/?page_id=4025"},"modified":"2023-06-24T21:14:03","modified_gmt":"2023-06-24T21:14:03","slug":"gout-wortel-en-groeistimulator-wg1","status":"publish","type":"page","link":"https:\/\/goutholland.nl\/fr\/gout-wortel-en-groeistimulator-wg1\/","title":{"rendered":"GOUT Stimulateur de croissance et de racine (WG1)"},"content":{"rendered":"<div class=\"vc_row wpb_row vc_row-fluid\" ><div class=\"wpb_column vc_column_container vc_col-sm-6\"><div class=\"vc_column-inner\"><div class=\"wpb_wrapper\"><div class=\"vc_row wpb_row vc_inner vc_row-fluid\"><div class=\"wpb_column vc_column_container vc_col-sm-12 vc_hidden-md vc_hidden-sm vc_hidden-xs\"><div class=\"vc_column-inner\"><div class=\"wpb_wrapper\"><div class=\"vc_empty_space\"   style=\"height: 60px\"><span class=\"vc_empty_space_inner\"><\/span><\/div><div class=\"vc_empty_space\"   style=\"height: 60px\"><span class=\"vc_empty_space_inner\"><\/span><\/div><\/div><\/div><\/div><\/div>\n\t<div class=\"wpb_text_column wpb_content_element\" >\n\t\t<div class=\"wpb_wrapper\">\n\t\t\t<h1 class=\"product_name\">GOUT Stimulateur de croissance et de racine (WG1)<\/h1>\n<div class=\"product-reference_top product-reference\">GOUT wg 0,5\/1\/5 litre<\/div>\n<div class=\"product-information\">\n<div id=\"product-description-short-23\" class=\"product_desc\">\n<p>Wg1 est un stimulant tr\u00e8s puissant de la croissance des racines et des plantes qui permet \u00e0 la plante ou \u00e0 la bouture de s'enraciner facilement et de cro\u00eetre abondamment. Ses racines se ramifient de mani\u00e8re exponentielle, augmentent rapidement en longueur et en \u00e9paisseur et d\u00e9veloppent un r\u00e9seau \u00e9labor\u00e9 de poils racinaires fins. Wg1 permet \u00e9galement \u00e0 la plante d'absorber pleinement ses nutriments. Cela stimule l'augmentation rapide du volume de la plante et la pr\u00e9pare \u00e0 une floraison luxuriante. En outre, Wg1 am\u00e9liore la r\u00e9sistance de la plante, ce qui se traduit par une meilleure protection contre les champignons et les maladies.<\/p>\n<\/div>\n<\/div>\n\n\t\t<\/div>\n\t<\/div>\n<\/div><\/div><\/div><div class=\"wpb_column vc_column_container vc_col-sm-6\"><div class=\"vc_column-inner\"><div class=\"wpb_wrapper\"><div class=\"wpb_images_carousel wpb_content_element vc_clearfix\"><div class=\"wpb_wrapper\"><div id=\"vc_images-carousel-1-1777304175\" data-ride=\"vc_carousel\" data-wrap=\"true\" style=\"width: 100%;\" data-interval=\"5000\" data-auto-height=\"yes\" data-mode=\"horizontal\" data-partial=\"false\" data-per-view=\"1\" data-hide-on-end=\"false\" class=\"vc_slide vc_images_carousel\"><ol class=\"vc_carousel-indicators\"><li data-target=\"#vc_images-carousel-1-1777304175\" data-slide-to=\"0\"><\/li><li data-target=\"#vc_images-carousel-1-1777304175\" data-slide-to=\"1\"><\/li><li data-target=\"#vc_images-carousel-1-1777304175\" data-slide-to=\"2\"><\/li><\/ol><div class=\"vc_carousel-inner\"><div class=\"vc_carousel-slideline\"><div class=\"vc_carousel-slideline-inner\"><div class=\"vc_item\"><div class=\"vc_inner\"><a class=\"prettyphoto\" href=\"https:\/\/goutholland.nl\/wp-content\/uploads\/2022\/11\/gout-root-and-plant-growth-stimulant-rg1-wg1.png\" data-rel=\"prettyPhoto[rel-4025-3754547471]\"><img loading=\"lazy\" decoding=\"async\" width=\"800\" height=\"800\" src=\"https:\/\/goutholland.nl\/wp-content\/uploads\/2022\/11\/gout-root-and-plant-growth-stimulant-rg1-wg1.png\" class=\"attachment-full\" alt=\"\" srcset=\"https:\/\/goutholland.nl\/wp-content\/uploads\/2022\/11\/gout-root-and-plant-growth-stimulant-rg1-wg1.png 800w, https:\/\/goutholland.nl\/wp-content\/uploads\/2022\/11\/gout-root-and-plant-growth-stimulant-rg1-wg1-300x300.png 300w, https:\/\/goutholland.nl\/wp-content\/uploads\/2022\/11\/gout-root-and-plant-growth-stimulant-rg1-wg1-150x150.png 150w, https:\/\/goutholland.nl\/wp-content\/uploads\/2022\/11\/gout-root-and-plant-growth-stimulant-rg1-wg1-768x768.png 768w, https:\/\/goutholland.nl\/wp-content\/uploads\/2022\/11\/gout-root-and-plant-growth-stimulant-rg1-wg1-60x60.png 60w\" sizes=\"auto, (max-width: 800px) 100vw, 800px\" \/><\/a><\/div><\/div><div class=\"vc_item\"><div class=\"vc_inner\"><a class=\"prettyphoto\" href=\"https:\/\/goutholland.nl\/wp-content\/uploads\/2022\/11\/gout-root-and-plant-growth-stimulant-rg1-wg11.png\" data-rel=\"prettyPhoto[rel-4025-3754547471]\"><img loading=\"lazy\" decoding=\"async\" width=\"800\" height=\"800\" src=\"https:\/\/goutholland.nl\/wp-content\/uploads\/2022\/11\/gout-root-and-plant-growth-stimulant-rg1-wg11.png\" class=\"attachment-full\" alt=\"\" srcset=\"https:\/\/goutholland.nl\/wp-content\/uploads\/2022\/11\/gout-root-and-plant-growth-stimulant-rg1-wg11.png 800w, https:\/\/goutholland.nl\/wp-content\/uploads\/2022\/11\/gout-root-and-plant-growth-stimulant-rg1-wg11-300x300.png 300w, https:\/\/goutholland.nl\/wp-content\/uploads\/2022\/11\/gout-root-and-plant-growth-stimulant-rg1-wg11-150x150.png 150w, https:\/\/goutholland.nl\/wp-content\/uploads\/2022\/11\/gout-root-and-plant-growth-stimulant-rg1-wg11-768x768.png 768w, https:\/\/goutholland.nl\/wp-content\/uploads\/2022\/11\/gout-root-and-plant-growth-stimulant-rg1-wg11-60x60.png 60w\" sizes=\"auto, (max-width: 800px) 100vw, 800px\" \/><\/a><\/div><\/div><div class=\"vc_item\"><div class=\"vc_inner\"><a class=\"prettyphoto\" href=\"https:\/\/goutholland.nl\/wp-content\/uploads\/2022\/11\/SchemaAARDE_NL_final-GEEL-1024x715.jpg\" data-rel=\"prettyPhoto[rel-4025-3754547471]\"><img loading=\"lazy\" decoding=\"async\" width=\"2350\" height=\"1642\" src=\"https:\/\/goutholland.nl\/wp-content\/uploads\/2022\/11\/SchemaAARDE_NL_final-GEEL.jpg\" class=\"attachment-full\" alt=\"\" srcset=\"https:\/\/goutholland.nl\/wp-content\/uploads\/2022\/11\/SchemaAARDE_NL_final-GEEL.jpg 2350w, https:\/\/goutholland.nl\/wp-content\/uploads\/2022\/11\/SchemaAARDE_NL_final-GEEL-300x210.jpg 300w, https:\/\/goutholland.nl\/wp-content\/uploads\/2022\/11\/SchemaAARDE_NL_final-GEEL-1024x715.jpg 1024w, https:\/\/goutholland.nl\/wp-content\/uploads\/2022\/11\/SchemaAARDE_NL_final-GEEL-768x537.jpg 768w, https:\/\/goutholland.nl\/wp-content\/uploads\/2022\/11\/SchemaAARDE_NL_final-GEEL-1536x1073.jpg 1536w, https:\/\/goutholland.nl\/wp-content\/uploads\/2022\/11\/SchemaAARDE_NL_final-GEEL-2048x1431.jpg 2048w\" sizes=\"auto, (max-width: 2350px) 100vw, 2350px\" \/><\/a><\/div><\/div><\/div><\/div><\/div><\/div><\/div><\/div><\/div><\/div><\/div><\/div><div class=\"vc_row-full-width\"><\/div><!-- Row Backgrounds --><div class=\"upb_color\" data-bg-override=\"0\" data-bg-color=\"#f2f2f2\" data-fadeout=\"\" data-fadeout-percentage=\"30\" data-parallax-content=\"\" data-parallax-content-sense=\"30\" data-row-effect-mobile-disable=\"true\" data-img-parallax-mobile-disable=\"true\" data-rtl=\"false\"  data-custom-vc-row=\"\"  data-vc=\"6.5.0\"  data-is_old_vc=\"\"  data-theme-support=\"\"   data-overlay=\"false\" data-overlay-color=\"\" data-overlay-pattern=\"\" data-overlay-pattern-opacity=\"\" data-overlay-pattern-size=\"\"    ><\/div>\t<div class=\"vc_row wpb_row vc_row-fluid\" ><div class=\"wpb_column vc_column_container vc_col-sm-12\"><div class=\"vc_column-inner\"><div class=\"wpb_wrapper\"><div class=\"vc_tta-container\" data-vc-action=\"collapse\"><div class=\"vc_general vc_tta vc_tta-tabs vc_tta-color-grey vc_tta-style-classic vc_tta-shape-rounded vc_tta-spacing-1 vc_tta-tabs-position-top vc_tta-controls-align-left\"><div class=\"vc_tta-tabs-container\"><ul class=\"vc_tta-tabs-list\"><li class=\"vc_tta-tab vc_active\" data-vc-tab><a href=\"#1669726043503-5bd01e80-8ff6\" data-vc-tabs data-vc-container=\".vc_tta\"><span class=\"vc_tta-title-text\">DESCRIPTION<\/span><\/a><\/li><li class=\"vc_tta-tab\" data-vc-tab><a href=\"#1669726043517-509b329e-a522\" data-vc-tabs data-vc-container=\".vc_tta\"><span class=\"vc_tta-title-text\">D\u00c9TAILS DU PRODUIT<\/span><\/a><\/li><li class=\"vc_tta-tab\" data-vc-tab><a href=\"#1669728424226-8111b473-7bf5\" data-vc-tabs data-vc-container=\".vc_tta\"><span class=\"vc_tta-title-text\">LES CALENDRIERS DE CROISSANCE<\/span><\/a><\/li><\/ul><\/div><div class=\"vc_tta-panels-container\"><div class=\"vc_tta-panels\"><div class=\"vc_tta-panel vc_active\" id=\"1669726043503-5bd01e80-8ff6\" data-vc-content=\".vc_tta-panel-body\"><div class=\"vc_tta-panel-heading\"><h4 class=\"vc_tta-panel-title\"><a href=\"#1669726043503-5bd01e80-8ff6\" data-vc-accordion data-vc-container=\".vc_tta-container\"><span class=\"vc_tta-title-text\">DESCRIPTION<\/span><\/a><\/h4><\/div><div class=\"vc_tta-panel-body\">\n\t<div class=\"wpb_text_column wpb_content_element\" >\n\t\t<div class=\"wpb_wrapper\">\n\t\t\t<p>Wg1 0,5 litres<\/p>\n<p>Stimulateur de racine et de croissance pour la premi\u00e8re p\u00e9riode<\/p>\n<p>&nbsp;<\/p>\n<p>1:1000<\/p>\n<p>100% biologique<\/p>\n<p>&nbsp;<\/p>\n<p>Wg1 est un stimulant tr\u00e8s puissant de la croissance des racines et des plantes qui permet \u00e0 la plante ou \u00e0 la bouture de s'enraciner facilement et de cro\u00eetre abondamment. Ses racines se ramifient de mani\u00e8re exponentielle, augmentent rapidement en longueur et en \u00e9paisseur et d\u00e9veloppent un r\u00e9seau \u00e9labor\u00e9 de poils racinaires fins. Wg1 permet \u00e9galement \u00e0 la plante d'absorber pleinement ses nutriments. Cela stimule l'augmentation rapide du volume de la plante et la pr\u00e9pare \u00e0 une floraison luxuriante. En outre, Wg1 am\u00e9liore la r\u00e9sistance de la plante, ce qui se traduit par une meilleure protection contre les champignons et les maladies.<\/p>\n<p>&nbsp;<\/p>\n<p>Composition : extrait de plantes et d'algues avec des oligo-\u00e9l\u00e9ments, des vitamines et des hormones v\u00e9g\u00e9tales naturelles, riche en acides gras organiques.<\/p>\n<p>&nbsp;<\/p>\n<p>Application : \u00e0 utiliser pour les boutures et les plantes en croissance ainsi que pour les plantes dans les deux premi\u00e8res semaines de floraison.<\/p>\n<p>&nbsp;<\/p>\n<p>Convient pour le sol et les syst\u00e8mes hydrauliques.<\/p>\n<p>&nbsp;<\/p>\n<p>Dosage : 100 ml pour 100 litres d'eau.<\/p>\n<p>&nbsp;<\/p>\n<p>WG1 est produit conform\u00e9ment \u00e0 la norme 301 B de l'OCDE et tous les composants sont conformes aux normes (EU) 834\/2007 et 889\/2008, annexe II de l'agriculture biologique.<\/p>\n<p>&nbsp;<\/p>\n<p><strong>Agiter vigoureusement avant utilisation.<\/strong><\/p>\n<p>&nbsp;<\/p>\n<p>Disponible dans les quantit\u00e9s suivantes : 0,5, 1 et 5 litres.<\/p>\n\n\t\t<\/div>\n\t<\/div>\n<\/div><\/div><div class=\"vc_tta-panel\" id=\"1669726043517-509b329e-a522\" data-vc-content=\".vc_tta-panel-body\"><div class=\"vc_tta-panel-heading\"><h4 class=\"vc_tta-panel-title\"><a href=\"#1669726043517-509b329e-a522\" data-vc-accordion data-vc-container=\".vc_tta-container\"><span class=\"vc_tta-title-text\">D\u00c9TAILS DU PRODUIT<\/span><\/a><\/h4><\/div><div class=\"vc_tta-panel-body\">\n\t<div class=\"wpb_text_column wpb_content_element\" >\n\t\t<div class=\"wpb_wrapper\">\n\t\t\t<div class=\"product-reference\">\n<div class=\"product-reference\"><label class=\"label\"><\/label><label class=\"label\">Referentie <\/label>GOUT wg 0,5\/1\/5 litre<\/div>\n<\/div>\n\n\t\t<\/div>\n\t<\/div>\n<\/div><\/div><div class=\"vc_tta-panel\" id=\"1669728424226-8111b473-7bf5\" data-vc-content=\".vc_tta-panel-body\"><div class=\"vc_tta-panel-heading\"><h4 class=\"vc_tta-panel-title\"><a href=\"#1669728424226-8111b473-7bf5\" data-vc-accordion data-vc-container=\".vc_tta-container\"><span class=\"vc_tta-title-text\">LES CALENDRIERS DE CROISSANCE<\/span><\/a><\/h4><\/div><div class=\"vc_tta-panel-body\">\n\t<div  class=\"wpb_single_image wpb_content_element vc_align_center\">\n\t\t\n\t\t<figure class=\"wpb_wrapper vc_figure\">\n\t\t\t<div class=\"vc_single_image-wrapper   vc_box_border_grey\"><img loading=\"lazy\" decoding=\"async\" width=\"2350\" height=\"1642\" src=\"https:\/\/goutholland.nl\/wp-content\/uploads\/2022\/11\/SchemaAARDE_NL_final-GEEL.jpg\" class=\"vc_single_image-img attachment-full\" alt=\"\" srcset=\"https:\/\/goutholland.nl\/wp-content\/uploads\/2022\/11\/SchemaAARDE_NL_final-GEEL.jpg 2350w, https:\/\/goutholland.nl\/wp-content\/uploads\/2022\/11\/SchemaAARDE_NL_final-GEEL-300x210.jpg 300w, https:\/\/goutholland.nl\/wp-content\/uploads\/2022\/11\/SchemaAARDE_NL_final-GEEL-1024x715.jpg 1024w, https:\/\/goutholland.nl\/wp-content\/uploads\/2022\/11\/SchemaAARDE_NL_final-GEEL-768x537.jpg 768w, https:\/\/goutholland.nl\/wp-content\/uploads\/2022\/11\/SchemaAARDE_NL_final-GEEL-1536x1073.jpg 1536w, https:\/\/goutholland.nl\/wp-content\/uploads\/2022\/11\/SchemaAARDE_NL_final-GEEL-2048x1431.jpg 2048w\" sizes=\"auto, (max-width: 2350px) 100vw, 2350px\" \/><\/div>\n\t\t<\/figure>\n\t<\/div>\n<\/div><\/div><\/div><\/div><\/div><\/div><\/div><\/div><\/div><\/div><div class=\"vc_row-full-width\"><\/div>","protected":false},"excerpt":{"rendered":"<a href=\"https:\/\/goutholland.nl\/fr\/gout-wortel-en-groeistimulator-wg1\/\" class=\"entry-more pro-btn pro-btn-rounded pro-btn-xxs pro-btn-flat-accent\">Read More<span class=\"screen-reader-text\"> about Gout wortel- en groeistimulator (WG1)<\/span><\/a>","protected":false},"author":1,"featured_media":4027,"parent":0,"menu_order":0,"comment_status":"closed","ping_status":"closed","template":"","meta":{"footnotes":""},"class_list":["post-4025","page","type-page","status-publish","has-post-thumbnail","hentry"],"_links":{"self":[{"href":"https:\/\/goutholland.nl\/fr\/wp-json\/wp\/v2\/pages\/4025","targetHints":{"allow":["GET"]}}],"collection":[{"href":"https:\/\/goutholland.nl\/fr\/wp-json\/wp\/v2\/pages"}],"about":[{"href":"https:\/\/goutholland.nl\/fr\/wp-json\/wp\/v2\/types\/page"}],"author":[{"embeddable":true,"href":"https:\/\/goutholland.nl\/fr\/wp-json\/wp\/v2\/users\/1"}],"replies":[{"embeddable":true,"href":"https:\/\/goutholland.nl\/fr\/wp-json\/wp\/v2\/comments?post=4025"}],"version-history":[{"count":3,"href":"https:\/\/goutholland.nl\/fr\/wp-json\/wp\/v2\/pages\/4025\/revisions"}],"predecessor-version":[{"id":4195,"href":"https:\/\/goutholland.nl\/fr\/wp-json\/wp\/v2\/pages\/4025\/revisions\/4195"}],"wp:featuredmedia":[{"embeddable":true,"href":"https:\/\/goutholland.nl\/fr\/wp-json\/wp\/v2\/media\/4027"}],"wp:attachment":[{"href":"https:\/\/goutholland.nl\/fr\/wp-json\/wp\/v2\/media?parent=4025"}],"curies":[{"name":"wp","href":"https:\/\/api.w.org\/{rel}","templated":true}]}}