{"id":4037,"date":"2022-11-30T12:04:00","date_gmt":"2022-11-30T12:04:00","guid":{"rendered":"https:\/\/goutholland.nl\/?page_id=4037"},"modified":"2023-06-24T21:11:43","modified_gmt":"2023-06-24T21:11:43","slug":"gout-silicium-si","status":"publish","type":"page","link":"https:\/\/goutholland.nl\/fr\/gout-silicium-si\/","title":{"rendered":"GOUT silicium (Si)"},"content":{"rendered":"<div class=\"vc_row wpb_row vc_row-fluid\" ><div class=\"wpb_column vc_column_container vc_col-sm-6\"><div class=\"vc_column-inner\"><div class=\"wpb_wrapper\"><div class=\"vc_row wpb_row vc_inner vc_row-fluid\"><div class=\"wpb_column vc_column_container vc_col-sm-12 vc_hidden-md vc_hidden-sm vc_hidden-xs\"><div class=\"vc_column-inner\"><div class=\"wpb_wrapper\"><div class=\"vc_empty_space\"   style=\"height: 60px\"><span class=\"vc_empty_space_inner\"><\/span><\/div><div class=\"vc_empty_space\"   style=\"height: 60px\"><span class=\"vc_empty_space_inner\"><\/span><\/div><\/div><\/div><\/div><\/div>\n\t<div class=\"wpb_text_column wpb_content_element\" >\n\t\t<div class=\"wpb_wrapper\">\n\t\t\t<h1 class=\"product_name\">GOUT silicium (Si)<\/h1>\n<div class=\"product-reference_top product-reference\"><label class=\"label\">Referentie <\/label>Goutte Si 0,5\/1 litre<\/div>\n<div class=\"product-information\">\n<div id=\"product-description-short-29\" class=\"product_desc\">\n<p>Si Le silicium est un mat\u00e9riau de construction des parois cellulaires des plantes. Gr\u00e2ce au silicium, les plantes poussent plus rapidement et obtiennent des tiges et des branches lat\u00e9rales plus \u00e9paisses. Les parois cellulaires externes s'\u00e9paississent et prot\u00e8gent donc mieux la plante contre les champignons, les agents pathog\u00e8nes, les insectes et les changements de temp\u00e9rature. Le silicium \u00e9quilibre l'absorption des nutriments tels que l'azote, le zinc et les m\u00e9taux. Les feuilles prennent une belle couleur vert fonc\u00e9, ce qui optimise la photosynth\u00e8se et augmente les rendements en poids sec.<\/p>\n<\/div>\n<\/div>\n\n\t\t<\/div>\n\t<\/div>\n<\/div><\/div><\/div><div class=\"wpb_column vc_column_container vc_col-sm-6\"><div class=\"vc_column-inner\"><div class=\"wpb_wrapper\"><div class=\"wpb_images_carousel wpb_content_element vc_clearfix\"><div class=\"wpb_wrapper\"><div id=\"vc_images-carousel-1-1777304147\" data-ride=\"vc_carousel\" data-wrap=\"true\" style=\"width: 100%;\" data-interval=\"5000\" data-auto-height=\"yes\" data-mode=\"horizontal\" data-partial=\"false\" data-per-view=\"1\" data-hide-on-end=\"false\" class=\"vc_slide vc_images_carousel\"><ol class=\"vc_carousel-indicators\"><li data-target=\"#vc_images-carousel-1-1777304147\" data-slide-to=\"0\"><\/li><\/ol><div class=\"vc_carousel-inner\"><div class=\"vc_carousel-slideline\"><div class=\"vc_carousel-slideline-inner\"><div class=\"vc_item\"><div class=\"vc_inner\"><a class=\"prettyphoto\" href=\"https:\/\/goutholland.nl\/wp-content\/uploads\/2022\/11\/SI.png\" data-rel=\"prettyPhoto[rel-4037-2677306691]\"><img loading=\"lazy\" decoding=\"async\" width=\"800\" height=\"800\" src=\"https:\/\/goutholland.nl\/wp-content\/uploads\/2022\/11\/SI.png\" class=\"attachment-full\" alt=\"\" srcset=\"https:\/\/goutholland.nl\/wp-content\/uploads\/2022\/11\/SI.png 800w, https:\/\/goutholland.nl\/wp-content\/uploads\/2022\/11\/SI-300x300.png 300w, https:\/\/goutholland.nl\/wp-content\/uploads\/2022\/11\/SI-150x150.png 150w, https:\/\/goutholland.nl\/wp-content\/uploads\/2022\/11\/SI-768x768.png 768w, https:\/\/goutholland.nl\/wp-content\/uploads\/2022\/11\/SI-60x60.png 60w\" sizes=\"auto, (max-width: 800px) 100vw, 800px\" \/><\/a><\/div><\/div><\/div><\/div><\/div><\/div><\/div><\/div><\/div><\/div><\/div><\/div><div class=\"vc_row-full-width\"><\/div><!-- Row Backgrounds --><div class=\"upb_color\" data-bg-override=\"0\" data-bg-color=\"#f2f2f2\" data-fadeout=\"\" data-fadeout-percentage=\"30\" data-parallax-content=\"\" data-parallax-content-sense=\"30\" data-row-effect-mobile-disable=\"true\" data-img-parallax-mobile-disable=\"true\" data-rtl=\"false\"  data-custom-vc-row=\"\"  data-vc=\"6.5.0\"  data-is_old_vc=\"\"  data-theme-support=\"\"   data-overlay=\"false\" data-overlay-color=\"\" data-overlay-pattern=\"\" data-overlay-pattern-opacity=\"\" data-overlay-pattern-size=\"\"    ><\/div>\t<div class=\"vc_row wpb_row vc_row-fluid\" ><div class=\"wpb_column vc_column_container vc_col-sm-12\"><div class=\"vc_column-inner\"><div class=\"wpb_wrapper\"><div class=\"vc_tta-container\" data-vc-action=\"collapse\"><div class=\"vc_general vc_tta vc_tta-tabs vc_tta-color-grey vc_tta-style-classic vc_tta-shape-rounded vc_tta-spacing-1 vc_tta-tabs-position-top vc_tta-controls-align-left\"><div class=\"vc_tta-tabs-container\"><ul class=\"vc_tta-tabs-list\"><li class=\"vc_tta-tab vc_active\" data-vc-tab><a href=\"#1669726043503-5bd01e80-8ff6\" data-vc-tabs data-vc-container=\".vc_tta\"><span class=\"vc_tta-title-text\">DESCRIPTION<\/span><\/a><\/li><li class=\"vc_tta-tab\" data-vc-tab><a href=\"#1669726043517-509b329e-a522\" data-vc-tabs data-vc-container=\".vc_tta\"><span class=\"vc_tta-title-text\">D\u00c9TAILS DU PRODUIT<\/span><\/a><\/li><li class=\"vc_tta-tab\" data-vc-tab><a href=\"#1669728424226-8111b473-7bf5\" data-vc-tabs data-vc-container=\".vc_tta\"><span class=\"vc_tta-title-text\">LES CALENDRIERS DE CROISSANCE<\/span><\/a><\/li><\/ul><\/div><div class=\"vc_tta-panels-container\"><div class=\"vc_tta-panels\"><div class=\"vc_tta-panel vc_active\" id=\"1669726043503-5bd01e80-8ff6\" data-vc-content=\".vc_tta-panel-body\"><div class=\"vc_tta-panel-heading\"><h4 class=\"vc_tta-panel-title\"><a href=\"#1669726043503-5bd01e80-8ff6\" data-vc-accordion data-vc-container=\".vc_tta-container\"><span class=\"vc_tta-title-text\">DESCRIPTION<\/span><\/a><\/h4><\/div><div class=\"vc_tta-panel-body\">\n\t<div class=\"wpb_text_column wpb_content_element\" >\n\t\t<div class=\"wpb_wrapper\">\n\t\t\t<div class=\"product-description\">\n<p>Si\u00a00.5 liter<\/p>\n<p>Engrais unique pour renforcer les plantes<\/p>\n<p>&nbsp;<\/p>\n<p>&nbsp;<\/p>\n<p>1 : 5000<\/p>\n<p>&nbsp;<\/p>\n<p>100% pur<\/p>\n<p>Si contient du silicium facilement absorbable : un \u00e9l\u00e9ment important pour la construction des parois cellulaires des plantes. Gr\u00e2ce au silicium, les plantes poussent plus rapidement et d\u00e9veloppent des tiges et des branches lat\u00e9rales plus \u00e9paisses. Les parois cellulaires externes s'\u00e9paississent et prot\u00e8gent ainsi mieux la plante contre les champignons, les germes, les insectes et les changements de temp\u00e9rature. Le silicium \u00e9quilibre l'absorption des nutriments tels que l'azote, le zinc et les m\u00e9taux. Gr\u00e2ce au Si, les feuilles prennent une belle couleur vert fonc\u00e9, ce qui optimise la photosynth\u00e8se et augmente les rendements en poids sec.<\/p>\n<p>Het silicium in Gout-Si is als enige in de markt verkregen door middel van fermentatie. In dit natuurlijke proces produceren micro-organismen \u00b4ortho-silicium\u00b4, dat gemakkelijker opneembaar is dan silicium dat afkomstig is van kalium of natronwaterglas.<\/p>\n<p>&nbsp;<\/p>\n<p>Composition : engrais renfor\u00e7ant les plantes avec une teneur en silicium de 1,5 - 2,5 % (ortho-silicium). Contient des acides amin\u00e9s (6 - 8%) et du Mg (0,6%). Gout-Si a une teneur en prot\u00e9ines de 20 \u00e0 25 % et une teneur en mati\u00e8re organique de 30 %. Le rapport NPK est de : 1,9 - 1,8 - 1,7%. Le rapport C\/N est de 7,4.<\/p>\n<p>&nbsp;<\/p>\n<p>Application : combiner Si avec l'\u00e9l\u00e9ment nutritif Gout tout au long du cycle de croissance. M\u00e9langer Gout-Si jusqu'\u00e0 ce qu'il soit compl\u00e8tement dissous dans l'eau. Ajoutez ensuite la dose normale des autres engrais et boosters et m\u00e9langez \u00e0 nouveau soigneusement.<\/p>\n<p>&nbsp;<\/p>\n<p>Dosage : 20 ml pour 100 litres d'eau. Gout-Si est tr\u00e8s concentr\u00e9 (1 : 5000).<\/p>\n<p>&nbsp;<\/p>\n<p><b>Agiter vigoureusement avant utilisation.<\/b><\/p>\n<p>&nbsp;<\/p>\n<p>Disponible dans les quantit\u00e9s suivantes : 0,5, 1 litre.<\/p>\n<\/div>\n\n\t\t<\/div>\n\t<\/div>\n<\/div><\/div><div class=\"vc_tta-panel\" id=\"1669726043517-509b329e-a522\" data-vc-content=\".vc_tta-panel-body\"><div class=\"vc_tta-panel-heading\"><h4 class=\"vc_tta-panel-title\"><a href=\"#1669726043517-509b329e-a522\" data-vc-accordion data-vc-container=\".vc_tta-container\"><span class=\"vc_tta-title-text\">D\u00c9TAILS DU PRODUIT<\/span><\/a><\/h4><\/div><div class=\"vc_tta-panel-body\">\n\t<div class=\"wpb_text_column wpb_content_element\" >\n\t\t<div class=\"wpb_wrapper\">\n\t\t\t<div class=\"product-reference\">\n<div class=\"product-reference\">\n<div class=\"product-reference\"><label class=\"label\">Referentie <\/label>Goutte Si 0,5\/1 litre<\/div>\n<div class=\"product-out-of-stock\"><\/div>\n<section class=\"product-features\">\n<p class=\"h6\">Specifieke referenties:<\/p>\n<dl class=\"data-sheet\">\n<dt class=\"name\">ean13<br \/>\n8720387711017<\/dt>\n<\/dl>\n<\/section>\n<\/div>\n<\/div>\n\n\t\t<\/div>\n\t<\/div>\n<\/div><\/div><div class=\"vc_tta-panel\" id=\"1669728424226-8111b473-7bf5\" data-vc-content=\".vc_tta-panel-body\"><div class=\"vc_tta-panel-heading\"><h4 class=\"vc_tta-panel-title\"><a href=\"#1669728424226-8111b473-7bf5\" data-vc-accordion data-vc-container=\".vc_tta-container\"><span class=\"vc_tta-title-text\">LES CALENDRIERS DE CROISSANCE<\/span><\/a><\/h4><\/div><div class=\"vc_tta-panel-body\">\n\t<div  class=\"wpb_single_image wpb_content_element vc_align_center\">\n\t\t\n\t\t<figure class=\"wpb_wrapper vc_figure\">\n\t\t\t<div class=\"vc_single_image-wrapper   vc_box_border_grey\"><img loading=\"lazy\" decoding=\"async\" width=\"2350\" height=\"1642\" src=\"https:\/\/goutholland.nl\/wp-content\/uploads\/2022\/11\/SchemaAARDE_NL_final-GEEL.jpg\" class=\"vc_single_image-img attachment-full\" alt=\"\" srcset=\"https:\/\/goutholland.nl\/wp-content\/uploads\/2022\/11\/SchemaAARDE_NL_final-GEEL.jpg 2350w, https:\/\/goutholland.nl\/wp-content\/uploads\/2022\/11\/SchemaAARDE_NL_final-GEEL-300x210.jpg 300w, https:\/\/goutholland.nl\/wp-content\/uploads\/2022\/11\/SchemaAARDE_NL_final-GEEL-1024x715.jpg 1024w, https:\/\/goutholland.nl\/wp-content\/uploads\/2022\/11\/SchemaAARDE_NL_final-GEEL-768x537.jpg 768w, https:\/\/goutholland.nl\/wp-content\/uploads\/2022\/11\/SchemaAARDE_NL_final-GEEL-1536x1073.jpg 1536w, https:\/\/goutholland.nl\/wp-content\/uploads\/2022\/11\/SchemaAARDE_NL_final-GEEL-2048x1431.jpg 2048w\" sizes=\"auto, (max-width: 2350px) 100vw, 2350px\" \/><\/div>\n\t\t<\/figure>\n\t<\/div>\n<\/div><\/div><\/div><\/div><\/div><\/div><\/div><\/div><\/div><\/div><div class=\"vc_row-full-width\"><\/div>","protected":false},"excerpt":{"rendered":"<a href=\"https:\/\/goutholland.nl\/fr\/gout-silicium-si\/\" class=\"entry-more pro-btn pro-btn-rounded pro-btn-xxs pro-btn-flat-accent\">Read More<span class=\"screen-reader-text\"> about Gout silicium (Si)<\/span><\/a>","protected":false},"author":1,"featured_media":4038,"parent":0,"menu_order":0,"comment_status":"closed","ping_status":"closed","template":"","meta":{"footnotes":""},"class_list":["post-4037","page","type-page","status-publish","has-post-thumbnail","hentry"],"_links":{"self":[{"href":"https:\/\/goutholland.nl\/fr\/wp-json\/wp\/v2\/pages\/4037","targetHints":{"allow":["GET"]}}],"collection":[{"href":"https:\/\/goutholland.nl\/fr\/wp-json\/wp\/v2\/pages"}],"about":[{"href":"https:\/\/goutholland.nl\/fr\/wp-json\/wp\/v2\/types\/page"}],"author":[{"embeddable":true,"href":"https:\/\/goutholland.nl\/fr\/wp-json\/wp\/v2\/users\/1"}],"replies":[{"embeddable":true,"href":"https:\/\/goutholland.nl\/fr\/wp-json\/wp\/v2\/comments?post=4037"}],"version-history":[{"count":2,"href":"https:\/\/goutholland.nl\/fr\/wp-json\/wp\/v2\/pages\/4037\/revisions"}],"predecessor-version":[{"id":4192,"href":"https:\/\/goutholland.nl\/fr\/wp-json\/wp\/v2\/pages\/4037\/revisions\/4192"}],"wp:featuredmedia":[{"embeddable":true,"href":"https:\/\/goutholland.nl\/fr\/wp-json\/wp\/v2\/media\/4038"}],"wp:attachment":[{"href":"https:\/\/goutholland.nl\/fr\/wp-json\/wp\/v2\/media?parent=4037"}],"curies":[{"name":"wp","href":"https:\/\/api.w.org\/{rel}","templated":true}]}}