{"id":4125,"date":"2023-01-19T10:23:27","date_gmt":"2023-01-19T10:23:27","guid":{"rendered":"https:\/\/goutholland.nl\/?page_id=4125"},"modified":"2023-06-24T21:15:28","modified_gmt":"2023-06-24T21:15:28","slug":"gout-desinfect","status":"publish","type":"page","link":"https:\/\/goutholland.nl\/fr\/gout-desinfect\/","title":{"rendered":"GOUT D\u00e9sinfecter"},"content":{"rendered":"<div class=\"vc_row wpb_row vc_row-fluid\" ><div class=\"wpb_column vc_column_container vc_col-sm-6\"><div class=\"vc_column-inner\"><div class=\"wpb_wrapper\"><div class=\"vc_row wpb_row vc_inner vc_row-fluid\"><div class=\"wpb_column vc_column_container vc_col-sm-12 vc_hidden-md vc_hidden-sm vc_hidden-xs\"><div class=\"vc_column-inner\"><div class=\"wpb_wrapper\"><div class=\"vc_empty_space\"   style=\"height: 60px\"><span class=\"vc_empty_space_inner\"><\/span><\/div><div class=\"vc_empty_space\"   style=\"height: 60px\"><span class=\"vc_empty_space_inner\"><\/span><\/div><\/div><\/div><\/div><\/div>\n\t<div class=\"wpb_text_column wpb_content_element\" >\n\t\t<div class=\"wpb_wrapper\">\n\t\t\t<h2>D\u00e9sinfection de la GOUT :<\/h2>\n<p><strong>CANDIDATURE<\/strong><\/p>\n<p>Gout Disinfect est particuli\u00e8rement adapt\u00e9 au nettoyage des lieux d'h\u00e9bergement pour les humains et les animaux, tels que les dortoirs, les toilettes, les piscines ainsi que les chenils et les enclos pour animaux. En outre, le produit convient parfaitement au nettoyage et au traitement des unit\u00e9s de conditionnement d'air.<\/p>\n<p><strong>MODE D'EMPLOI<\/strong><\/p>\n<p>Le produit peut \u00eatre appliqu\u00e9 dilu\u00e9 dans un rapport de 1:1 \u00e0 1:100 avec de l'eau, en fonction de la nature et de l'\u00e9tendue de la contamination et des mauvaises odeurs pr\u00e9sentes.<\/p>\n\n\t\t<\/div>\n\t<\/div>\n<\/div><\/div><\/div><div class=\"wpb_column vc_column_container vc_col-sm-6\"><div class=\"vc_column-inner\"><div class=\"wpb_wrapper\"><div class=\"wpb_images_carousel wpb_content_element vc_clearfix\"><div class=\"wpb_wrapper\"><div id=\"vc_images-carousel-1-1777304168\" data-ride=\"vc_carousel\" data-wrap=\"true\" style=\"width: 100%;\" data-interval=\"5000\" data-auto-height=\"yes\" data-mode=\"horizontal\" data-partial=\"false\" data-per-view=\"1\" data-hide-on-end=\"false\" class=\"vc_slide vc_images_carousel\"><ol class=\"vc_carousel-indicators\"><li data-target=\"#vc_images-carousel-1-1777304168\" data-slide-to=\"0\"><\/li><li data-target=\"#vc_images-carousel-1-1777304168\" data-slide-to=\"1\"><\/li><\/ol><div class=\"vc_carousel-inner\"><div class=\"vc_carousel-slideline\"><div class=\"vc_carousel-slideline-inner\"><div class=\"vc_item\"><div class=\"vc_inner\"><a class=\"prettyphoto\" href=\"https:\/\/goutholland.nl\/wp-content\/uploads\/2023\/01\/Desinfect-groot-min-1024x1024.png\" data-rel=\"prettyPhoto[rel-4125-1182943704]\"><img loading=\"lazy\" decoding=\"async\" width=\"1500\" height=\"1500\" src=\"https:\/\/goutholland.nl\/wp-content\/uploads\/2023\/01\/Desinfect-groot-min.png\" class=\"attachment-full\" alt=\"\" srcset=\"https:\/\/goutholland.nl\/wp-content\/uploads\/2023\/01\/Desinfect-groot-min.png 1500w, https:\/\/goutholland.nl\/wp-content\/uploads\/2023\/01\/Desinfect-groot-min-300x300.png 300w, https:\/\/goutholland.nl\/wp-content\/uploads\/2023\/01\/Desinfect-groot-min-1024x1024.png 1024w, https:\/\/goutholland.nl\/wp-content\/uploads\/2023\/01\/Desinfect-groot-min-150x150.png 150w, https:\/\/goutholland.nl\/wp-content\/uploads\/2023\/01\/Desinfect-groot-min-768x768.png 768w, https:\/\/goutholland.nl\/wp-content\/uploads\/2023\/01\/Desinfect-groot-min-60x60.png 60w\" sizes=\"auto, (max-width: 1500px) 100vw, 1500px\" \/><\/a><\/div><\/div><div class=\"vc_item\"><div class=\"vc_inner\"><a class=\"prettyphoto\" href=\"https:\/\/goutholland.nl\/wp-content\/uploads\/2023\/01\/desinfect-middel-min-1024x1024.png\" data-rel=\"prettyPhoto[rel-4125-1182943704]\"><img loading=\"lazy\" decoding=\"async\" width=\"1500\" height=\"1500\" src=\"https:\/\/goutholland.nl\/wp-content\/uploads\/2023\/01\/desinfect-middel-min.png\" class=\"attachment-full\" alt=\"\" srcset=\"https:\/\/goutholland.nl\/wp-content\/uploads\/2023\/01\/desinfect-middel-min.png 1500w, https:\/\/goutholland.nl\/wp-content\/uploads\/2023\/01\/desinfect-middel-min-300x300.png 300w, https:\/\/goutholland.nl\/wp-content\/uploads\/2023\/01\/desinfect-middel-min-1024x1024.png 1024w, https:\/\/goutholland.nl\/wp-content\/uploads\/2023\/01\/desinfect-middel-min-150x150.png 150w, https:\/\/goutholland.nl\/wp-content\/uploads\/2023\/01\/desinfect-middel-min-768x768.png 768w, https:\/\/goutholland.nl\/wp-content\/uploads\/2023\/01\/desinfect-middel-min-60x60.png 60w\" sizes=\"auto, (max-width: 1500px) 100vw, 1500px\" \/><\/a><\/div><\/div><\/div><\/div><\/div><\/div><\/div><\/div><\/div><\/div><\/div><\/div><div class=\"vc_row-full-width\"><\/div><!-- Row Backgrounds --><div class=\"upb_color\" data-bg-override=\"0\" data-bg-color=\"#f2f2f2\" data-fadeout=\"\" data-fadeout-percentage=\"30\" data-parallax-content=\"\" data-parallax-content-sense=\"30\" data-row-effect-mobile-disable=\"true\" data-img-parallax-mobile-disable=\"true\" data-rtl=\"false\"  data-custom-vc-row=\"\"  data-vc=\"6.5.0\"  data-is_old_vc=\"\"  data-theme-support=\"\"   data-overlay=\"false\" data-overlay-color=\"\" data-overlay-pattern=\"\" data-overlay-pattern-opacity=\"\" data-overlay-pattern-size=\"\"    ><\/div>","protected":false},"excerpt":{"rendered":"<a href=\"https:\/\/goutholland.nl\/fr\/gout-desinfect\/\" class=\"entry-more pro-btn pro-btn-rounded pro-btn-xxs pro-btn-flat-accent\">Read More<span class=\"screen-reader-text\"> about Gout Desinfect<\/span><\/a>","protected":false},"author":1,"featured_media":4127,"parent":0,"menu_order":0,"comment_status":"closed","ping_status":"closed","template":"","meta":{"footnotes":""},"class_list":["post-4125","page","type-page","status-publish","has-post-thumbnail","hentry"],"_links":{"self":[{"href":"https:\/\/goutholland.nl\/fr\/wp-json\/wp\/v2\/pages\/4125","targetHints":{"allow":["GET"]}}],"collection":[{"href":"https:\/\/goutholland.nl\/fr\/wp-json\/wp\/v2\/pages"}],"about":[{"href":"https:\/\/goutholland.nl\/fr\/wp-json\/wp\/v2\/types\/page"}],"author":[{"embeddable":true,"href":"https:\/\/goutholland.nl\/fr\/wp-json\/wp\/v2\/users\/1"}],"replies":[{"embeddable":true,"href":"https:\/\/goutholland.nl\/fr\/wp-json\/wp\/v2\/comments?post=4125"}],"version-history":[{"count":4,"href":"https:\/\/goutholland.nl\/fr\/wp-json\/wp\/v2\/pages\/4125\/revisions"}],"predecessor-version":[{"id":4198,"href":"https:\/\/goutholland.nl\/fr\/wp-json\/wp\/v2\/pages\/4125\/revisions\/4198"}],"wp:featuredmedia":[{"embeddable":true,"href":"https:\/\/goutholland.nl\/fr\/wp-json\/wp\/v2\/media\/4127"}],"wp:attachment":[{"href":"https:\/\/goutholland.nl\/fr\/wp-json\/wp\/v2\/media?parent=4125"}],"curies":[{"name":"wp","href":"https:\/\/api.w.org\/{rel}","templated":true}]}}