{"id":4130,"date":"2023-01-19T10:57:55","date_gmt":"2023-01-19T10:57:55","guid":{"rendered":"https:\/\/goutholland.nl\/?page_id=4130"},"modified":"2023-06-24T21:15:04","modified_gmt":"2023-06-24T21:15:04","slug":"gout-luchtfris","status":"publish","type":"page","link":"https:\/\/goutholland.nl\/fr\/gout-luchtfris\/","title":{"rendered":"GOUT d'air frais"},"content":{"rendered":"<div class=\"vc_row wpb_row vc_row-fluid\" ><div class=\"wpb_column vc_column_container vc_col-sm-6\"><div class=\"vc_column-inner\"><div class=\"wpb_wrapper\"><div class=\"vc_row wpb_row vc_inner vc_row-fluid\"><div class=\"wpb_column vc_column_container vc_col-sm-12 vc_hidden-md vc_hidden-sm vc_hidden-xs\"><div class=\"vc_column-inner\"><div class=\"wpb_wrapper\"><div class=\"vc_empty_space\"   style=\"height: 60px\"><span class=\"vc_empty_space_inner\"><\/span><\/div><\/div><\/div><\/div><\/div>\n\t<div class=\"wpb_text_column wpb_content_element\" >\n\t\t<div class=\"wpb_wrapper\">\n\t\t\t<h2>GOUT AIR FRAIS<\/h2>\n<p>&nbsp;<\/p>\n<p><strong>CANDIDATURE<br \/>\n<\/strong><br \/>\nLe destructeur d'odeurs Gout est un destructeur d'odeurs pour les applications industrielles. L'odeur n'est pas couverte mais compl\u00e8tement d\u00e9truite. Il combat particuli\u00e8rement les odeurs d'amines, de monom\u00e8res, de substances sulfureuses et de mercaptans, etc. Gout Odor Destroyer assure une destruction absolue de l'odeur. Le produit entre en r\u00e9action avec la source d'odeur qui est ainsi transform\u00e9e en une agr\u00e9able odeur neutre. Gout Stank Destroyer peut \u00eatre utilis\u00e9 partout dans et autour de l'environnement de vie, par exemple dans les conteneurs \u00e0 ordures, les poubelles, les bacs \u00e0 roulettes et d'autres sources d'odeurs tr\u00e8s d\u00e9sagr\u00e9ables o\u00f9 il y a une nuisance.<\/p>\n<p>&nbsp;<\/p>\n<p><strong>MODE D'EMPLOI<br \/>\n<\/strong><br \/>\nAppliquer Gout Stank Destroyer pur en cas de forte puanteur. Ou \u00e0 appliquer dans une dilution de maximum 1:5 sur la pollution. Il est pr\u00e9f\u00e9rable d'atomiser Gout Stank Destroyer ou de le transporter dans le flux d'air.<\/p>\n\n\t\t<\/div>\n\t<\/div>\n<div class=\"vc_empty_space\"   style=\"height: 60px\"><span class=\"vc_empty_space_inner\"><\/span><\/div><\/div><\/div><\/div><div class=\"wpb_column vc_column_container vc_col-sm-6\"><div class=\"vc_column-inner\"><div class=\"wpb_wrapper\"><div class=\"vc_empty_space\"   style=\"height: 60px\"><span class=\"vc_empty_space_inner\"><\/span><\/div><div class=\"wpb_images_carousel wpb_content_element vc_clearfix\"><div class=\"wpb_wrapper\"><div id=\"vc_images-carousel-1-1777173482\" data-ride=\"vc_carousel\" data-wrap=\"true\" style=\"width: 100%;\" data-interval=\"5000\" data-auto-height=\"yes\" data-mode=\"horizontal\" data-partial=\"false\" data-per-view=\"1\" data-hide-on-end=\"false\" class=\"vc_slide vc_images_carousel\"><ol class=\"vc_carousel-indicators\"><li data-target=\"#vc_images-carousel-1-1777173482\" data-slide-to=\"0\"><\/li><li data-target=\"#vc_images-carousel-1-1777173482\" data-slide-to=\"1\"><\/li><\/ol><div class=\"vc_carousel-inner\"><div class=\"vc_carousel-slideline\"><div class=\"vc_carousel-slideline-inner\"><div class=\"vc_item\"><div class=\"vc_inner\"><a class=\"prettyphoto\" href=\"https:\/\/goutholland.nl\/wp-content\/uploads\/2023\/01\/luchtfris-groot-min-1024x1024.png\" data-rel=\"prettyPhoto[rel-4130-3869119326]\"><img loading=\"lazy\" decoding=\"async\" width=\"1500\" height=\"1500\" src=\"https:\/\/goutholland.nl\/wp-content\/uploads\/2023\/01\/luchtfris-groot-min.png\" class=\"attachment-full\" alt=\"\" srcset=\"https:\/\/goutholland.nl\/wp-content\/uploads\/2023\/01\/luchtfris-groot-min.png 1500w, https:\/\/goutholland.nl\/wp-content\/uploads\/2023\/01\/luchtfris-groot-min-300x300.png 300w, https:\/\/goutholland.nl\/wp-content\/uploads\/2023\/01\/luchtfris-groot-min-1024x1024.png 1024w, https:\/\/goutholland.nl\/wp-content\/uploads\/2023\/01\/luchtfris-groot-min-150x150.png 150w, https:\/\/goutholland.nl\/wp-content\/uploads\/2023\/01\/luchtfris-groot-min-768x768.png 768w, https:\/\/goutholland.nl\/wp-content\/uploads\/2023\/01\/luchtfris-groot-min-60x60.png 60w\" sizes=\"auto, (max-width: 1500px) 100vw, 1500px\" \/><\/a><\/div><\/div><div class=\"vc_item\"><div class=\"vc_inner\"><a class=\"prettyphoto\" href=\"https:\/\/goutholland.nl\/wp-content\/uploads\/2023\/01\/luchtfris-middel-min-1024x1024.png\" data-rel=\"prettyPhoto[rel-4130-3869119326]\"><img loading=\"lazy\" decoding=\"async\" width=\"1500\" height=\"1500\" src=\"https:\/\/goutholland.nl\/wp-content\/uploads\/2023\/01\/luchtfris-middel-min.png\" class=\"attachment-full\" alt=\"\" srcset=\"https:\/\/goutholland.nl\/wp-content\/uploads\/2023\/01\/luchtfris-middel-min.png 1500w, https:\/\/goutholland.nl\/wp-content\/uploads\/2023\/01\/luchtfris-middel-min-300x300.png 300w, https:\/\/goutholland.nl\/wp-content\/uploads\/2023\/01\/luchtfris-middel-min-1024x1024.png 1024w, https:\/\/goutholland.nl\/wp-content\/uploads\/2023\/01\/luchtfris-middel-min-150x150.png 150w, https:\/\/goutholland.nl\/wp-content\/uploads\/2023\/01\/luchtfris-middel-min-768x768.png 768w, https:\/\/goutholland.nl\/wp-content\/uploads\/2023\/01\/luchtfris-middel-min-60x60.png 60w\" sizes=\"auto, (max-width: 1500px) 100vw, 1500px\" \/><\/a><\/div><\/div><\/div><\/div><\/div><\/div><\/div><\/div><\/div><\/div><\/div><\/div><div class=\"vc_row-full-width\"><\/div><!-- Row Backgrounds --><div class=\"upb_color\" data-bg-override=\"0\" data-bg-color=\"#f2f2f2\" data-fadeout=\"\" data-fadeout-percentage=\"30\" data-parallax-content=\"\" data-parallax-content-sense=\"30\" data-row-effect-mobile-disable=\"true\" data-img-parallax-mobile-disable=\"true\" data-rtl=\"false\"  data-custom-vc-row=\"\"  data-vc=\"6.5.0\"  data-is_old_vc=\"\"  data-theme-support=\"\"   data-overlay=\"false\" data-overlay-color=\"\" data-overlay-pattern=\"\" data-overlay-pattern-opacity=\"\" data-overlay-pattern-size=\"\"    ><\/div>","protected":false},"excerpt":{"rendered":"<a href=\"https:\/\/goutholland.nl\/fr\/gout-luchtfris\/\" class=\"entry-more pro-btn pro-btn-rounded pro-btn-xxs pro-btn-flat-accent\">Read More<span class=\"screen-reader-text\"> about Gout Luchtfris<\/span><\/a>","protected":false},"author":1,"featured_media":4132,"parent":0,"menu_order":0,"comment_status":"closed","ping_status":"closed","template":"","meta":{"footnotes":""},"class_list":["post-4130","page","type-page","status-publish","has-post-thumbnail","hentry"],"_links":{"self":[{"href":"https:\/\/goutholland.nl\/fr\/wp-json\/wp\/v2\/pages\/4130","targetHints":{"allow":["GET"]}}],"collection":[{"href":"https:\/\/goutholland.nl\/fr\/wp-json\/wp\/v2\/pages"}],"about":[{"href":"https:\/\/goutholland.nl\/fr\/wp-json\/wp\/v2\/types\/page"}],"author":[{"embeddable":true,"href":"https:\/\/goutholland.nl\/fr\/wp-json\/wp\/v2\/users\/1"}],"replies":[{"embeddable":true,"href":"https:\/\/goutholland.nl\/fr\/wp-json\/wp\/v2\/comments?post=4130"}],"version-history":[{"count":6,"href":"https:\/\/goutholland.nl\/fr\/wp-json\/wp\/v2\/pages\/4130\/revisions"}],"predecessor-version":[{"id":4197,"href":"https:\/\/goutholland.nl\/fr\/wp-json\/wp\/v2\/pages\/4130\/revisions\/4197"}],"wp:featuredmedia":[{"embeddable":true,"href":"https:\/\/goutholland.nl\/fr\/wp-json\/wp\/v2\/media\/4132"}],"wp:attachment":[{"href":"https:\/\/goutholland.nl\/fr\/wp-json\/wp\/v2\/media?parent=4130"}],"curies":[{"name":"wp","href":"https:\/\/api.w.org\/{rel}","templated":true}]}}