{"id":4139,"date":"2023-01-19T11:20:18","date_gmt":"2023-01-19T11:20:18","guid":{"rendered":"https:\/\/goutholland.nl\/?page_id=4139"},"modified":"2023-06-24T21:14:57","modified_gmt":"2023-06-24T21:14:57","slug":"gout-ontvetter","status":"publish","type":"page","link":"https:\/\/goutholland.nl\/fr\/gout-ontvetter\/","title":{"rendered":"GOUT D\u00e9graissant pour"},"content":{"rendered":"<div class=\"vc_row wpb_row vc_row-fluid\" ><div class=\"wpb_column vc_column_container vc_col-sm-6\"><div class=\"vc_column-inner\"><div class=\"wpb_wrapper\"><div class=\"vc_row wpb_row vc_inner vc_row-fluid\"><div class=\"wpb_column vc_column_container vc_col-sm-12 vc_hidden-md vc_hidden-sm vc_hidden-xs\"><div class=\"vc_column-inner\"><div class=\"wpb_wrapper\"><div class=\"vc_empty_space\"   style=\"height: 60px\"><span class=\"vc_empty_space_inner\"><\/span><\/div><\/div><\/div><\/div><\/div>\n\t<div class=\"wpb_text_column wpb_content_element\" >\n\t\t<div class=\"wpb_wrapper\">\n\t\t\t<h2>DEVETTEUR DE GOUT<\/h2>\n<p><strong>CANDIDATURE<\/strong><\/p>\n<p>Gr\u00e2ce \u00e0 sa composition unique, le nettoyant Gout Metal\/BBQ est la seule \u00e9mulsion ayant un spectre et des performances \u00e9tonnamment larges dans le domaine des produits d'entretien chimiques s\u00fbrs. Le nettoyant Gout Metal\/BBQ est tr\u00e8s diff\u00e9rent des nettoyants tout usage \u00e0 base d'eau vendus dans le commerce. En fait, de nombreux tests ont prouv\u00e9 que le nettoyant Gout Metal\/BBQ est unique en son genre et qu'il fait le travail l\u00e0 o\u00f9 les autres \u00e9chouent.<\/p>\n<p><strong>MODE D'EMPLOI<\/strong><\/p>\n<p>Le nettoyant Gout Metal\/BBQ poss\u00e8de un pouvoir de renouvellement ultra-rapide et p\u00e9n\u00e8tre profond\u00e9ment dans la couche de graisse accumul\u00e9e et d\u00e9compose la structure mol\u00e9culaire de la salet\u00e9 et de la graisse avec toute la force n\u00e9cessaire. Peut \u00eatre utilis\u00e9 dans les unit\u00e9s de traitement de l'air, les chambres de fum\u00e9es, les climatisations, comme solvant de suie \/ nettoyant de t\u00f4le.<\/p>\n\n\t\t<\/div>\n\t<\/div>\n<div class=\"vc_empty_space\"   style=\"height: 60px\"><span class=\"vc_empty_space_inner\"><\/span><\/div><\/div><\/div><\/div><div class=\"wpb_column vc_column_container vc_col-sm-6\"><div class=\"vc_column-inner\"><div class=\"wpb_wrapper\"><div class=\"vc_empty_space\"   style=\"height: 60px\"><span class=\"vc_empty_space_inner\"><\/span><\/div><div class=\"wpb_images_carousel wpb_content_element vc_clearfix\"><div class=\"wpb_wrapper\"><div id=\"vc_images-carousel-1-1776513615\" data-ride=\"vc_carousel\" data-wrap=\"true\" style=\"width: 100%;\" data-interval=\"5000\" data-auto-height=\"yes\" data-mode=\"horizontal\" data-partial=\"false\" data-per-view=\"1\" data-hide-on-end=\"false\" class=\"vc_slide vc_images_carousel\"><ol class=\"vc_carousel-indicators\"><li data-target=\"#vc_images-carousel-1-1776513615\" data-slide-to=\"0\"><\/li><li data-target=\"#vc_images-carousel-1-1776513615\" data-slide-to=\"1\"><\/li><\/ol><div class=\"vc_carousel-inner\"><div class=\"vc_carousel-slideline\"><div class=\"vc_carousel-slideline-inner\"><div class=\"vc_item\"><div class=\"vc_inner\"><a class=\"prettyphoto\" href=\"https:\/\/goutholland.nl\/wp-content\/uploads\/2023\/01\/ontvetter-groot-min-1024x1024.png\" data-rel=\"prettyPhoto[rel-4139-3758721263]\"><img loading=\"lazy\" decoding=\"async\" width=\"1500\" height=\"1500\" src=\"https:\/\/goutholland.nl\/wp-content\/uploads\/2023\/01\/ontvetter-groot-min.png\" class=\"attachment-full\" alt=\"\" srcset=\"https:\/\/goutholland.nl\/wp-content\/uploads\/2023\/01\/ontvetter-groot-min.png 1500w, https:\/\/goutholland.nl\/wp-content\/uploads\/2023\/01\/ontvetter-groot-min-300x300.png 300w, https:\/\/goutholland.nl\/wp-content\/uploads\/2023\/01\/ontvetter-groot-min-1024x1024.png 1024w, https:\/\/goutholland.nl\/wp-content\/uploads\/2023\/01\/ontvetter-groot-min-150x150.png 150w, https:\/\/goutholland.nl\/wp-content\/uploads\/2023\/01\/ontvetter-groot-min-768x768.png 768w, https:\/\/goutholland.nl\/wp-content\/uploads\/2023\/01\/ontvetter-groot-min-60x60.png 60w\" sizes=\"auto, (max-width: 1500px) 100vw, 1500px\" \/><\/a><\/div><\/div><div class=\"vc_item\"><div class=\"vc_inner\"><a class=\"prettyphoto\" href=\"https:\/\/goutholland.nl\/wp-content\/uploads\/2023\/01\/ontvetter-middel-min-1024x1024.png\" data-rel=\"prettyPhoto[rel-4139-3758721263]\"><img loading=\"lazy\" decoding=\"async\" width=\"1500\" height=\"1500\" src=\"https:\/\/goutholland.nl\/wp-content\/uploads\/2023\/01\/ontvetter-middel-min.png\" class=\"attachment-full\" alt=\"\" srcset=\"https:\/\/goutholland.nl\/wp-content\/uploads\/2023\/01\/ontvetter-middel-min.png 1500w, https:\/\/goutholland.nl\/wp-content\/uploads\/2023\/01\/ontvetter-middel-min-300x300.png 300w, https:\/\/goutholland.nl\/wp-content\/uploads\/2023\/01\/ontvetter-middel-min-1024x1024.png 1024w, https:\/\/goutholland.nl\/wp-content\/uploads\/2023\/01\/ontvetter-middel-min-150x150.png 150w, https:\/\/goutholland.nl\/wp-content\/uploads\/2023\/01\/ontvetter-middel-min-768x768.png 768w, https:\/\/goutholland.nl\/wp-content\/uploads\/2023\/01\/ontvetter-middel-min-60x60.png 60w\" sizes=\"auto, (max-width: 1500px) 100vw, 1500px\" \/><\/a><\/div><\/div><\/div><\/div><\/div><\/div><\/div><\/div><\/div><\/div><\/div><\/div><div class=\"vc_row-full-width\"><\/div><!-- Row Backgrounds --><div class=\"upb_color\" data-bg-override=\"0\" data-bg-color=\"#f2f2f2\" data-fadeout=\"\" data-fadeout-percentage=\"30\" data-parallax-content=\"\" data-parallax-content-sense=\"30\" data-row-effect-mobile-disable=\"true\" data-img-parallax-mobile-disable=\"true\" data-rtl=\"false\"  data-custom-vc-row=\"\"  data-vc=\"6.5.0\"  data-is_old_vc=\"\"  data-theme-support=\"\"   data-overlay=\"false\" data-overlay-color=\"\" data-overlay-pattern=\"\" data-overlay-pattern-opacity=\"\" data-overlay-pattern-size=\"\"    ><\/div>","protected":false},"excerpt":{"rendered":"<a href=\"https:\/\/goutholland.nl\/fr\/gout-ontvetter\/\" class=\"entry-more pro-btn pro-btn-rounded pro-btn-xxs pro-btn-flat-accent\">Read More<span class=\"screen-reader-text\"> about Gout Ontvetter<\/span><\/a>","protected":false},"author":1,"featured_media":4141,"parent":0,"menu_order":0,"comment_status":"closed","ping_status":"closed","template":"","meta":{"footnotes":""},"class_list":["post-4139","page","type-page","status-publish","has-post-thumbnail","hentry"],"_links":{"self":[{"href":"https:\/\/goutholland.nl\/fr\/wp-json\/wp\/v2\/pages\/4139","targetHints":{"allow":["GET"]}}],"collection":[{"href":"https:\/\/goutholland.nl\/fr\/wp-json\/wp\/v2\/pages"}],"about":[{"href":"https:\/\/goutholland.nl\/fr\/wp-json\/wp\/v2\/types\/page"}],"author":[{"embeddable":true,"href":"https:\/\/goutholland.nl\/fr\/wp-json\/wp\/v2\/users\/1"}],"replies":[{"embeddable":true,"href":"https:\/\/goutholland.nl\/fr\/wp-json\/wp\/v2\/comments?post=4139"}],"version-history":[{"count":2,"href":"https:\/\/goutholland.nl\/fr\/wp-json\/wp\/v2\/pages\/4139\/revisions"}],"predecessor-version":[{"id":4196,"href":"https:\/\/goutholland.nl\/fr\/wp-json\/wp\/v2\/pages\/4139\/revisions\/4196"}],"wp:featuredmedia":[{"embeddable":true,"href":"https:\/\/goutholland.nl\/fr\/wp-json\/wp\/v2\/media\/4141"}],"wp:attachment":[{"href":"https:\/\/goutholland.nl\/fr\/wp-json\/wp\/v2\/media?parent=4139"}],"curies":[{"name":"wp","href":"https:\/\/api.w.org\/{rel}","templated":true}]}}