{"id":4214,"date":"2023-08-03T10:31:11","date_gmt":"2023-08-03T10:31:11","guid":{"rendered":"https:\/\/goutholland.nl\/?page_id=4214"},"modified":"2023-08-03T10:31:40","modified_gmt":"2023-08-03T10:31:40","slug":"calmag","status":"publish","type":"page","link":"https:\/\/goutholland.nl\/fr\/calmag\/","title":{"rendered":"Calmag"},"content":{"rendered":"<div class=\"vc_row wpb_row vc_row-fluid\" ><div class=\"wpb_column vc_column_container vc_col-sm-6\"><div class=\"vc_column-inner\"><div class=\"wpb_wrapper\"><div class=\"vc_row wpb_row vc_inner vc_row-fluid\"><div class=\"wpb_column vc_column_container vc_col-sm-12 vc_hidden-md vc_hidden-sm vc_hidden-xs\"><div class=\"vc_column-inner\"><div class=\"wpb_wrapper\"><div class=\"vc_empty_space\"   style=\"height: 60px\"><span class=\"vc_empty_space_inner\"><\/span><\/div><div class=\"vc_empty_space\"   style=\"height: 60px\"><span class=\"vc_empty_space_inner\"><\/span><\/div><\/div><\/div><\/div><\/div>\n\t<div class=\"wpb_text_column wpb_content_element\" >\n\t\t<div class=\"wpb_wrapper\">\n\t\t\t<h1 class=\"product_name\">Calmag<\/h1>\n<p>Le calcium est essentiel au processus de croissance de la plante. Il est tr\u00e8s important pour la division cellulaire et assure la solidit\u00e9 de la plante, car il favorise la fermet\u00e9 des parois et des membranes cellulaires. Le magn\u00e9sium est un \u00e9l\u00e9ment essentiel pour les plantes. Dans les plantes, il est un \u00e9l\u00e9ment constitutif de la chlorophylle (chlorophylle) et est donc essentiel pour la photosynth\u00e8se. Le magn\u00e9sium joue \u00e9galement un r\u00f4le important dans le transfert d'\u00e9nergie.<\/p>\n\n\t\t<\/div>\n\t<\/div>\n<\/div><\/div><\/div><div class=\"wpb_column vc_column_container vc_col-sm-6\"><div class=\"vc_column-inner\"><div class=\"wpb_wrapper\"><div class=\"wpb_images_carousel wpb_content_element vc_clearfix\"><div class=\"wpb_wrapper\"><div id=\"vc_images-carousel-1-1777992831\" data-ride=\"vc_carousel\" data-wrap=\"true\" style=\"width: 100%;\" data-interval=\"5000\" data-auto-height=\"yes\" data-mode=\"horizontal\" data-partial=\"false\" data-per-view=\"1\" data-hide-on-end=\"false\" class=\"vc_slide vc_images_carousel\"><ol class=\"vc_carousel-indicators\"><li data-target=\"#vc_images-carousel-1-1777992831\" data-slide-to=\"0\"><\/li><li data-target=\"#vc_images-carousel-1-1777992831\" data-slide-to=\"1\"><\/li><li data-target=\"#vc_images-carousel-1-1777992831\" data-slide-to=\"2\"><\/li><\/ol><div class=\"vc_carousel-inner\"><div class=\"vc_carousel-slideline\"><div class=\"vc_carousel-slideline-inner\"><div class=\"vc_item\"><div class=\"vc_inner\"><a class=\"prettyphoto\" href=\"https:\/\/goutholland.nl\/wp-content\/uploads\/2023\/08\/CALMAG-WATER-VERBETERAAR-1024x1024.png\" data-rel=\"prettyPhoto[rel-4214-746585794]\"><img loading=\"lazy\" decoding=\"async\" width=\"1500\" height=\"1500\" src=\"https:\/\/goutholland.nl\/wp-content\/uploads\/2023\/08\/CALMAG-WATER-VERBETERAAR.png\" class=\"attachment-full\" alt=\"\" srcset=\"https:\/\/goutholland.nl\/wp-content\/uploads\/2023\/08\/CALMAG-WATER-VERBETERAAR.png 1500w, https:\/\/goutholland.nl\/wp-content\/uploads\/2023\/08\/CALMAG-WATER-VERBETERAAR-300x300.png 300w, https:\/\/goutholland.nl\/wp-content\/uploads\/2023\/08\/CALMAG-WATER-VERBETERAAR-1024x1024.png 1024w, https:\/\/goutholland.nl\/wp-content\/uploads\/2023\/08\/CALMAG-WATER-VERBETERAAR-150x150.png 150w, https:\/\/goutholland.nl\/wp-content\/uploads\/2023\/08\/CALMAG-WATER-VERBETERAAR-768x768.png 768w, https:\/\/goutholland.nl\/wp-content\/uploads\/2023\/08\/CALMAG-WATER-VERBETERAAR-12x12.png 12w, https:\/\/goutholland.nl\/wp-content\/uploads\/2023\/08\/CALMAG-WATER-VERBETERAAR-60x60.png 60w\" sizes=\"auto, (max-width: 1500px) 100vw, 1500px\" \/><\/a><\/div><\/div><div class=\"vc_item\"><div class=\"vc_inner\"><a class=\"prettyphoto\" href=\"https:\/\/goutholland.nl\/wp-content\/uploads\/2023\/08\/Calmag-Water-verbetraar-1024x1024.png\" data-rel=\"prettyPhoto[rel-4214-746585794]\"><img loading=\"lazy\" decoding=\"async\" width=\"1500\" height=\"1500\" src=\"https:\/\/goutholland.nl\/wp-content\/uploads\/2023\/08\/Calmag-Water-verbetraar.png\" class=\"attachment-full\" alt=\"\" srcset=\"https:\/\/goutholland.nl\/wp-content\/uploads\/2023\/08\/Calmag-Water-verbetraar.png 1500w, https:\/\/goutholland.nl\/wp-content\/uploads\/2023\/08\/Calmag-Water-verbetraar-300x300.png 300w, https:\/\/goutholland.nl\/wp-content\/uploads\/2023\/08\/Calmag-Water-verbetraar-1024x1024.png 1024w, https:\/\/goutholland.nl\/wp-content\/uploads\/2023\/08\/Calmag-Water-verbetraar-150x150.png 150w, https:\/\/goutholland.nl\/wp-content\/uploads\/2023\/08\/Calmag-Water-verbetraar-768x768.png 768w, https:\/\/goutholland.nl\/wp-content\/uploads\/2023\/08\/Calmag-Water-verbetraar-12x12.png 12w, https:\/\/goutholland.nl\/wp-content\/uploads\/2023\/08\/Calmag-Water-verbetraar-60x60.png 60w\" sizes=\"auto, (max-width: 1500px) 100vw, 1500px\" \/><\/a><\/div><\/div><div class=\"vc_item\"><div class=\"vc_inner\"><a class=\"prettyphoto\" href=\"https:\/\/goutholland.nl\/wp-content\/uploads\/2023\/08\/Calmag-waterverbetraar-1024x1024.png\" data-rel=\"prettyPhoto[rel-4214-746585794]\"><img loading=\"lazy\" decoding=\"async\" width=\"1500\" height=\"1500\" src=\"https:\/\/goutholland.nl\/wp-content\/uploads\/2023\/08\/Calmag-waterverbetraar.png\" class=\"attachment-full\" alt=\"\" srcset=\"https:\/\/goutholland.nl\/wp-content\/uploads\/2023\/08\/Calmag-waterverbetraar.png 1500w, https:\/\/goutholland.nl\/wp-content\/uploads\/2023\/08\/Calmag-waterverbetraar-300x300.png 300w, https:\/\/goutholland.nl\/wp-content\/uploads\/2023\/08\/Calmag-waterverbetraar-1024x1024.png 1024w, https:\/\/goutholland.nl\/wp-content\/uploads\/2023\/08\/Calmag-waterverbetraar-150x150.png 150w, https:\/\/goutholland.nl\/wp-content\/uploads\/2023\/08\/Calmag-waterverbetraar-768x768.png 768w, https:\/\/goutholland.nl\/wp-content\/uploads\/2023\/08\/Calmag-waterverbetraar-12x12.png 12w, https:\/\/goutholland.nl\/wp-content\/uploads\/2023\/08\/Calmag-waterverbetraar-60x60.png 60w\" sizes=\"auto, (max-width: 1500px) 100vw, 1500px\" \/><\/a><\/div><\/div><\/div><\/div><\/div><\/div><\/div><\/div><\/div><\/div><\/div><\/div><div class=\"vc_row-full-width\"><\/div><!-- Row Backgrounds --><div class=\"upb_color\" data-bg-override=\"0\" data-bg-color=\"#f2f2f2\" data-fadeout=\"\" data-fadeout-percentage=\"30\" data-parallax-content=\"\" data-parallax-content-sense=\"30\" data-row-effect-mobile-disable=\"true\" data-img-parallax-mobile-disable=\"true\" data-rtl=\"false\"  data-custom-vc-row=\"\"  data-vc=\"6.5.0\"  data-is_old_vc=\"\"  data-theme-support=\"\"   data-overlay=\"false\" data-overlay-color=\"\" data-overlay-pattern=\"\" data-overlay-pattern-opacity=\"\" data-overlay-pattern-size=\"\"    ><\/div>\t<div class=\"vc_row wpb_row vc_row-fluid\" ><div class=\"wpb_column vc_column_container vc_col-sm-12\"><div class=\"vc_column-inner\"><div class=\"wpb_wrapper\"><div class=\"vc_tta-container\" data-vc-action=\"collapse\"><div class=\"vc_general vc_tta vc_tta-tabs vc_tta-color-grey vc_tta-style-classic vc_tta-shape-rounded vc_tta-spacing-1 vc_tta-tabs-position-top vc_tta-controls-align-left\"><div class=\"vc_tta-tabs-container\"><ul class=\"vc_tta-tabs-list\"><li class=\"vc_tta-tab vc_active\" data-vc-tab><a href=\"#1669726043503-5bd01e80-8ff6\" data-vc-tabs data-vc-container=\".vc_tta\"><span class=\"vc_tta-title-text\">DESCRIPTION<\/span><\/a><\/li><li class=\"vc_tta-tab\" data-vc-tab><a href=\"#1669726043517-509b329e-a522\" data-vc-tabs data-vc-container=\".vc_tta\"><span class=\"vc_tta-title-text\">D\u00c9TAILS DU PRODUIT<\/span><\/a><\/li><li class=\"vc_tta-tab\" data-vc-tab><a href=\"#1669728424226-8111b473-7bf5\" data-vc-tabs data-vc-container=\".vc_tta\"><span class=\"vc_tta-title-text\">LES CALENDRIERS DE CROISSANCE<\/span><\/a><\/li><\/ul><\/div><div class=\"vc_tta-panels-container\"><div class=\"vc_tta-panels\"><div class=\"vc_tta-panel vc_active\" id=\"1669726043503-5bd01e80-8ff6\" data-vc-content=\".vc_tta-panel-body\"><div class=\"vc_tta-panel-heading\"><h4 class=\"vc_tta-panel-title\"><a href=\"#1669726043503-5bd01e80-8ff6\" data-vc-accordion data-vc-container=\".vc_tta-container\"><span class=\"vc_tta-title-text\">DESCRIPTION<\/span><\/a><\/h4><\/div><div class=\"vc_tta-panel-body\">\n\t<div class=\"wpb_text_column wpb_content_element\" >\n\t\t<div class=\"wpb_wrapper\">\n\t\t\t<p>APPLICATION : Gout Calmag est tr\u00e8s appropri\u00e9 pour amener l'eau douce (EC inf\u00e9rieure \u00e0 0,4) \u00e0 une valeur EC de 0,4\/0,5. L'eau douce manque de calcium et de magn\u00e9sium qui sont tr\u00e8s importants pour les plantes, il est donc conseill\u00e9 de les ajouter.<\/p>\n<p>Si vous utilisez un filtre \u00e0 osmose inverse pour l'eau dure (EC&gt;0,5), les valeurs EC tomberont en dessous de 0,4. Dans ce cas \u00e9galement, vous pouvez utiliser Gout Calmag pour augmenter les valeurs EC \u00e0 0,4\/0,5.\nUtilisation et dosage : dans une eau normale (EC 0,4\/0,5), il est possible d'ajouter 0,2 ml par litre d'eau. (sans risque de surfertilisation).<br \/>\nGebruik en dosering: bij normaal water (EC 0,4\/0,5) kan veilig 0,2 ml per liter water toegevoegd worden. (zonder risico op overbemesting)<\/p>\n<p>Contenu : 0,5 litre e<\/p>\n<p>Agiter vigoureusement avant utilisation.<\/p>\n<p>Pr\u00e9cautions : la surfertilisation a un effet n\u00e9gatif sur la nature, le sol et les plantes.\nConserver \u00e0 l'abri du gel, ferm\u00e9 et dans l'obscurit\u00e9 ! Tenir hors de port\u00e9e des enfants. Vous pouvez compter sur notre service.<br \/>\nVorstvrij, gesloten en donker bewaren! Buiten bereik van kinderen houden, U kunt rekenen op onze service.<\/p>\n\n\t\t<\/div>\n\t<\/div>\n<\/div><\/div><div class=\"vc_tta-panel\" id=\"1669726043517-509b329e-a522\" data-vc-content=\".vc_tta-panel-body\"><div class=\"vc_tta-panel-heading\"><h4 class=\"vc_tta-panel-title\"><a href=\"#1669726043517-509b329e-a522\" data-vc-accordion data-vc-container=\".vc_tta-container\"><span class=\"vc_tta-title-text\">D\u00c9TAILS DU PRODUIT<\/span><\/a><\/h4><\/div><div class=\"vc_tta-panel-body\"><\/div><\/div><div class=\"vc_tta-panel\" id=\"1669728424226-8111b473-7bf5\" data-vc-content=\".vc_tta-panel-body\"><div class=\"vc_tta-panel-heading\"><h4 class=\"vc_tta-panel-title\"><a href=\"#1669728424226-8111b473-7bf5\" data-vc-accordion data-vc-container=\".vc_tta-container\"><span class=\"vc_tta-title-text\">LES CALENDRIERS DE CROISSANCE<\/span><\/a><\/h4><\/div><div class=\"vc_tta-panel-body\">\n\t<div  class=\"wpb_single_image wpb_content_element vc_align_center\">\n\t\t\n\t\t<figure class=\"wpb_wrapper vc_figure\">\n\t\t\t<div class=\"vc_single_image-wrapper   vc_box_border_grey\"><img loading=\"lazy\" decoding=\"async\" width=\"2350\" height=\"1642\" src=\"https:\/\/goutholland.nl\/wp-content\/uploads\/2022\/11\/SchemaAARDE_NL_final-GEEL.jpg\" class=\"vc_single_image-img attachment-full\" alt=\"\" srcset=\"https:\/\/goutholland.nl\/wp-content\/uploads\/2022\/11\/SchemaAARDE_NL_final-GEEL.jpg 2350w, https:\/\/goutholland.nl\/wp-content\/uploads\/2022\/11\/SchemaAARDE_NL_final-GEEL-300x210.jpg 300w, https:\/\/goutholland.nl\/wp-content\/uploads\/2022\/11\/SchemaAARDE_NL_final-GEEL-1024x715.jpg 1024w, https:\/\/goutholland.nl\/wp-content\/uploads\/2022\/11\/SchemaAARDE_NL_final-GEEL-768x537.jpg 768w, https:\/\/goutholland.nl\/wp-content\/uploads\/2022\/11\/SchemaAARDE_NL_final-GEEL-1536x1073.jpg 1536w, https:\/\/goutholland.nl\/wp-content\/uploads\/2022\/11\/SchemaAARDE_NL_final-GEEL-2048x1431.jpg 2048w\" sizes=\"auto, (max-width: 2350px) 100vw, 2350px\" \/><\/div>\n\t\t<\/figure>\n\t<\/div>\n<\/div><\/div><\/div><\/div><\/div><\/div><\/div><\/div><\/div><\/div><div class=\"vc_row-full-width\"><\/div>","protected":false},"excerpt":{"rendered":"<a href=\"https:\/\/goutholland.nl\/fr\/calmag\/\" class=\"entry-more pro-btn pro-btn-rounded pro-btn-xxs pro-btn-flat-accent\">Read More<span class=\"screen-reader-text\"> about Calmag<\/span><\/a>","protected":false},"author":1,"featured_media":4042,"parent":0,"menu_order":0,"comment_status":"closed","ping_status":"closed","template":"","meta":{"footnotes":""},"class_list":["post-4214","page","type-page","status-publish","has-post-thumbnail","hentry"],"_links":{"self":[{"href":"https:\/\/goutholland.nl\/fr\/wp-json\/wp\/v2\/pages\/4214","targetHints":{"allow":["GET"]}}],"collection":[{"href":"https:\/\/goutholland.nl\/fr\/wp-json\/wp\/v2\/pages"}],"about":[{"href":"https:\/\/goutholland.nl\/fr\/wp-json\/wp\/v2\/types\/page"}],"author":[{"embeddable":true,"href":"https:\/\/goutholland.nl\/fr\/wp-json\/wp\/v2\/users\/1"}],"replies":[{"embeddable":true,"href":"https:\/\/goutholland.nl\/fr\/wp-json\/wp\/v2\/comments?post=4214"}],"version-history":[{"count":2,"href":"https:\/\/goutholland.nl\/fr\/wp-json\/wp\/v2\/pages\/4214\/revisions"}],"predecessor-version":[{"id":4219,"href":"https:\/\/goutholland.nl\/fr\/wp-json\/wp\/v2\/pages\/4214\/revisions\/4219"}],"wp:featuredmedia":[{"embeddable":true,"href":"https:\/\/goutholland.nl\/fr\/wp-json\/wp\/v2\/media\/4042"}],"wp:attachment":[{"href":"https:\/\/goutholland.nl\/fr\/wp-json\/wp\/v2\/media?parent=4214"}],"curies":[{"name":"wp","href":"https:\/\/api.w.org\/{rel}","templated":true}]}}